{"id":6882,"date":"2020-04-30T09:56:30","date_gmt":"2020-04-30T12:44:59","guid":{"rendered":"https:\/\/hub.ortopedie.md\/shop\/verticalizator-dinamic\/"},"modified":"2026-01-25T14:35:59","modified_gmt":"2026-01-25T12:35:59","slug":"verticalizator-dinamic","status":"publish","type":"product","link":"https:\/\/hub.ortopedie.md\/en\/shop\/verticalizator-dinamic\/","title":{"rendered":"Verticalizator dinamic ACTIVAL"},"content":{"rendered":"<p>Acest verticalizator va fi util \u00een special pentru reabilitarea zilnic\u0103 \u00eentr-un spital, \u00een centre de reabilitare sau acas\u0103. Dispozitivul ajut\u0103 pacientul s\u0103 ia o pozi\u021bie \u00een picioare \u0219i s\u0103 mearg\u0103 independent. Datorit\u0103 lui, copiii pot face primii pa\u0219i, iar cei mai mari pot sus\u021bine sau ob\u021bine independen\u021ba. Cadrul u\u0219or \u0219i foarte stabil ajut\u0103 la mi\u0219carea u\u0219oar\u0103 \u00een dispozitiv f\u0103r\u0103 eforturi semnificative. Clipsele cu o blocare sigur\u0103 asigur\u0103 un sentiment de securitate \u0219i libertate de mi\u0219care. Datorit\u0103 gamei largi de dimensiuni, acest dispozitiv este potrivit pentru toate categoriile de v\u00e2rst\u0103, va oferi noi impresii \u0219i v\u0103 va permite s\u0103 tr\u0103i\u021bi independent, c\u00e2t mai bine.<\/p>\n<h2>INDICATII<\/h2>\n<p>Recomandat copiilor, adolescen\u021bilor \u0219i adul\u021bilor care sufera:<\/p>\n<ul>\n<li>Parazita cerebrala &#8211; diverse forme.<\/li>\n<li>Spina bifida.<\/li>\n<li>Boli vasculare sau leziuni ale creierului \u0219i m\u0103duvei spin\u0103rii cu parez\u0103 \u0219i paralizie, precum \u0219i tulbur\u0103ri severe de echilibru.<\/li>\n<li>Boli demielinizante (scleroz\u0103 multipl\u0103, scleroz\u0103 lateral\u0103 amiotrofic\u0103 etc.).<\/li>\n<li>Boli ale mu\u0219chilor care apar cu parez\u0103 \u0219i paralizie.<br \/>\nSindroame genetice care apar cu pareza membrelor.<\/li>\n<li>Forme severe de boli reumatice.<\/li>\n<li>Dup\u0103 o leziune craniocerebral\u0103, o leziune la nivelul coloanei vertebrale, m\u0103duvei spin\u0103rii \u0219i extremit\u0103\u021bilor inferioare.<\/li>\n<\/ul>\n<p><img decoding=\"async\" class=\"alignnone wp-image-6866 size-fusion-600\" src=\"https:\/\/hub.ortopedie.md\/wp-content\/uploads\/2020\/04\/piktogramy_w930_ACTIVALL-600x279.jpg\" alt=\"\" width=\"600\" height=\"279\" srcset=\"https:\/\/hub.ortopedie.md\/wp-content\/uploads\/2020\/04\/piktogramy_w930_ACTIVALL-200x93.jpg 200w, https:\/\/hub.ortopedie.md\/wp-content\/uploads\/2020\/04\/piktogramy_w930_ACTIVALL-300x139.jpg 300w, https:\/\/hub.ortopedie.md\/wp-content\/uploads\/2020\/04\/piktogramy_w930_ACTIVALL-400x186.jpg 400w, https:\/\/hub.ortopedie.md\/wp-content\/uploads\/2020\/04\/piktogramy_w930_ACTIVALL-500x232.jpg 500w, https:\/\/hub.ortopedie.md\/wp-content\/uploads\/2020\/04\/piktogramy_w930_ACTIVALL-600x279.jpg 600w, https:\/\/hub.ortopedie.md\/wp-content\/uploads\/2020\/04\/piktogramy_w930_ACTIVALL-700x325.jpg 700w, https:\/\/hub.ortopedie.md\/wp-content\/uploads\/2020\/04\/piktogramy_w930_ACTIVALL-768x357.jpg 768w, https:\/\/hub.ortopedie.md\/wp-content\/uploads\/2020\/04\/piktogramy_w930_ACTIVALL-800x372.jpg 800w, https:\/\/hub.ortopedie.md\/wp-content\/uploads\/2020\/04\/piktogramy_w930_ACTIVALL.jpg 930w\" sizes=\"(max-width: 600px) 100vw, 600px\" \/><\/p>\n<h3>\u0422\u0410\u0411\u041b\u0418\u0426\u0410 \u0420\u0410\u0417\u041c\u0415\u0420\u041e\u0412<\/h3>\n<div class=\"spacer\">\n<table width=\"931\">\n<tbody>\n<tr>\n<th>Simbol<\/th>\n<th>Masura<\/th>\n<th>Un.<\/th>\n<th>Dim. 1<\/th>\n<th>Dim. 2<\/th>\n<th>Dim.3<\/th>\n<th>Dim.4<\/th>\n<th>Dim.5<\/th>\n<\/tr>\n<tr>\n<td><strong>W<\/strong><\/td>\n<td><strong>\u00cen\u0103l\u021bimea aproximativ\u0103 a pacientului**<\/strong><\/td>\n<td><strong>[cm]<\/strong><\/td>\n<td><strong>70 \u2014 100<\/strong><\/td>\n<td><strong>100 \u2014 130<\/strong><\/td>\n<td><strong>110 \u2014 150<\/strong><\/td>\n<td><strong>110 \u2014 170<\/strong><\/td>\n<td><strong>140 \u2014 200<\/strong><\/td>\n<\/tr>\n<tr>\n<td><strong>A\/A<sub>1<\/sub><\/strong><\/td>\n<td>L\u0103\u021bimea dintre coap\u0103 \/ torace pelota<\/td>\n<td><strong>[cm]<\/strong><\/td>\n<td><strong>26<\/strong><\/td>\n<td><strong>28<\/strong><\/td>\n<td><strong>31<\/strong><\/td>\n<td><strong>37<\/strong><\/td>\n<td><strong>42<\/strong><\/td>\n<\/tr>\n<tr>\n<td><strong>C<\/strong><\/td>\n<td>\u00cen\u0103l\u021bimea Pelota femural<\/td>\n<td><strong>[cm]<\/strong><\/td>\n<td><strong>44 \u2014 60<\/strong><\/td>\n<td><strong>66 \u2014 82<\/strong><\/td>\n<td><strong>77 \u2014 102<\/strong><\/td>\n<td><strong>83 \u2014 112<\/strong><\/td>\n<td><strong>98 \u2014 120<\/strong><\/td>\n<\/tr>\n<tr>\n<td><strong>C<sub>1<\/sub><\/strong><\/td>\n<td>\u00cen\u0103l\u021bimea Pelota coaste<\/td>\n<td><strong>[cm]<\/strong><\/td>\n<td><strong>52 \u2014 70<\/strong><\/td>\n<td><strong>77 \u2014 95<\/strong><\/td>\n<td><strong>89 \u2014 116<\/strong><\/td>\n<td><strong>92 \u2014 126<\/strong><\/td>\n<td><strong>108 \u2014 143<\/strong><\/td>\n<\/tr>\n<tr>\n<td>B\/<sub>B1<\/sub><\/td>\n<td>Ad\u00e2ncimea coapsei * \/ pelota toracic\u0103<\/td>\n<td>[cm]<\/td>\n<td>22<\/td>\n<td>25<\/td>\n<td>27<\/td>\n<td>29<\/td>\n<td>35<\/td>\n<\/tr>\n<tr>\n<td><\/td>\n<td>Circumferin\u021ba coapsei \/ toracei<\/td>\n<td>[cm]<\/td>\n<td>87<\/td>\n<td>97<\/td>\n<td>106<\/td>\n<td>124<\/td>\n<td>144<\/td>\n<\/tr>\n<tr>\n<td><\/td>\n<td>Max. greutatea utilizatorului<\/td>\n<td>[kg]<\/td>\n<td>25<\/td>\n<td>40<\/td>\n<td>60<\/td>\n<td>80<\/td>\n<td>95<\/td>\n<\/tr>\n<\/tbody>\n<\/table>\n<\/div>\n<p>ATEN\u021aIE: toleran\u021ba dimensiunilor indicate \u00een tabel este de +\/- 1 cm.<\/p>\n","protected":false},"excerpt":{"rendered":"<p>Acest verticalizator va fi util \u00een special pentru reabilitarea zilnic\u0103  [&#8230;]<\/p>\n","protected":false},"featured_media":6869,"template":"","meta":[],"pwb-brand":[272],"product_brand":[],"product_cat":[35,98],"product_tag":[],"class_list":{"0":"post-6882","1":"product","2":"type-product","3":"status-publish","4":"has-post-thumbnail","6":"pwb-brand-akces-med","7":"product_cat-dispozitive-de-mers-si-verticalizare","8":"product_cat-verticalizatoare","10":"first","11":"instock","12":"shipping-taxable","13":"purchasable","14":"product-type-simple"},"yoast_head":"<!-- This site is optimized with the Yoast SEO Premium plugin v18.3 (Yoast SEO v27.4) - https:\/\/yoast.com\/product\/yoast-seo-premium-wordpress\/ -->\n<title>Verticalizator dinamic ACTIVAL - HUB Ortopedie<\/title>\n<meta name=\"robots\" content=\"index, follow, max-snippet:-1, max-image-preview:large, max-video-preview:-1\" \/>\n<link rel=\"canonical\" href=\"https:\/\/hub.ortopedie.md\/en\/shop\/verticalizator-dinamic\/\" \/>\n<meta property=\"og:locale\" content=\"en_US\" \/>\n<meta property=\"og:type\" content=\"article\" \/>\n<meta property=\"og:title\" content=\"Verticalizator dinamic ACTIVAL\" \/>\n<meta property=\"og:description\" content=\"Acest verticalizator va fi util \u00een special pentru reabilitarea zilnic\u0103 [...]\" \/>\n<meta property=\"og:url\" content=\"https:\/\/hub.ortopedie.md\/shop\/verticalizator-dinamic\/\" \/>\n<meta property=\"og:site_name\" content=\"Hub Ortopedie - Magazin ortopedic. \u041e\u0440\u0442\u043e\u043f\u0435\u0434\u0438\u0447\u0435\u0441\u043a\u0438\u0439 \u043c\u0430\u0433\u0430\u0437\u0438\u043d\" \/>\n<meta property=\"article:publisher\" content=\"https:\/\/www.facebook.com\/ORTOPEDIE.MD\/\" \/>\n<meta property=\"article:modified_time\" content=\"2026-01-25T12:35:59+00:00\" \/>\n<meta property=\"og:image\" content=\"https:\/\/hub.ortopedie.md\/wp-content\/uploads\/2020\/04\/Activall_01-380x413-1.jpg\" \/>\n\t<meta property=\"og:image:width\" content=\"600\" \/>\n\t<meta property=\"og:image:height\" content=\"600\" \/>\n\t<meta property=\"og:image:type\" content=\"image\/jpeg\" \/>\n<meta name=\"twitter:label1\" content=\"Price\" \/>\n\t<meta name=\"twitter:data1\" content=\"42,000.00&nbsp;MDL\" \/>\n\t<meta name=\"twitter:label2\" content=\"Availability\" \/>\n\t<meta name=\"twitter:data2\" content=\"In stock\" \/>\n<script type=\"application\/ld+json\" class=\"yoast-schema-graph\">{\"@context\":\"https:\\\/\\\/schema.org\",\"@graph\":[{\"@type\":\"WebPage\",\"@id\":\"https:\\\/\\\/hub.ortopedie.md\\\/shop\\\/verticalizator-dinamic\\\/\",\"url\":\"https:\\\/\\\/hub.ortopedie.md\\\/shop\\\/verticalizator-dinamic\\\/\",\"name\":\"Verticalizator dinamic ACTIVAL - HUB Ortopedie\",\"isPartOf\":{\"@id\":\"https:\\\/\\\/hub.ortopedie.md\\\/#website\"},\"primaryImageOfPage\":{\"@id\":\"https:\\\/\\\/hub.ortopedie.md\\\/shop\\\/verticalizator-dinamic\\\/#primaryimage\"},\"image\":{\"@id\":\"https:\\\/\\\/hub.ortopedie.md\\\/shop\\\/verticalizator-dinamic\\\/#primaryimage\"},\"thumbnailUrl\":\"https:\\\/\\\/hub.ortopedie.md\\\/wp-content\\\/uploads\\\/2020\\\/04\\\/Activall_01-380x413-1.jpg\",\"datePublished\":\"2020-04-30T12:44:59+00:00\",\"dateModified\":\"2026-01-25T12:35:59+00:00\",\"breadcrumb\":{\"@id\":\"https:\\\/\\\/hub.ortopedie.md\\\/shop\\\/verticalizator-dinamic\\\/#breadcrumb\"},\"inLanguage\":\"en-US\",\"potentialAction\":[{\"@type\":\"ReadAction\",\"target\":[\"https:\\\/\\\/hub.ortopedie.md\\\/shop\\\/verticalizator-dinamic\\\/\"]}]},{\"@type\":\"ImageObject\",\"inLanguage\":\"en-US\",\"@id\":\"https:\\\/\\\/hub.ortopedie.md\\\/shop\\\/verticalizator-dinamic\\\/#primaryimage\",\"url\":\"https:\\\/\\\/hub.ortopedie.md\\\/wp-content\\\/uploads\\\/2020\\\/04\\\/Activall_01-380x413-1.jpg\",\"contentUrl\":\"https:\\\/\\\/hub.ortopedie.md\\\/wp-content\\\/uploads\\\/2020\\\/04\\\/Activall_01-380x413-1.jpg\",\"width\":600,\"height\":600},{\"@type\":\"BreadcrumbList\",\"@id\":\"https:\\\/\\\/hub.ortopedie.md\\\/shop\\\/verticalizator-dinamic\\\/#breadcrumb\",\"itemListElement\":[{\"@type\":\"ListItem\",\"position\":1,\"name\":\"Prima pagin\u0103\",\"item\":\"https:\\\/\\\/hub.ortopedie.md\\\/en\\\/\"},{\"@type\":\"ListItem\",\"position\":2,\"name\":\"Produse\",\"item\":\"https:\\\/\\\/hub.ortopedie.md\\\/shop\\\/\"},{\"@type\":\"ListItem\",\"position\":3,\"name\":\"Verticalizator dinamic ACTIVAL\"}]},{\"@type\":\"WebSite\",\"@id\":\"https:\\\/\\\/hub.ortopedie.md\\\/#website\",\"url\":\"https:\\\/\\\/hub.ortopedie.md\\\/\",\"name\":\"Hub Ortopedie - Magazin ortopedic. \u041e\u0440\u0442\u043e\u043f\u0435\u0434\u0438\u0447\u0435\u0441\u043a\u0438\u0439 \u043c\u0430\u0433\u0430\u0437\u0438\u043d\",\"description\":\"S\u0103n\u0103tate, confort, calitate\",\"publisher\":{\"@id\":\"https:\\\/\\\/hub.ortopedie.md\\\/#organization\"},\"potentialAction\":[{\"@type\":\"SearchAction\",\"target\":{\"@type\":\"EntryPoint\",\"urlTemplate\":\"https:\\\/\\\/hub.ortopedie.md\\\/?s={search_term_string}\"},\"query-input\":{\"@type\":\"PropertyValueSpecification\",\"valueRequired\":true,\"valueName\":\"search_term_string\"}}],\"inLanguage\":\"en-US\"},{\"@type\":\"Organization\",\"@id\":\"https:\\\/\\\/hub.ortopedie.md\\\/#organization\",\"name\":\"HUB ORTOPEDIE\",\"url\":\"https:\\\/\\\/hub.ortopedie.md\\\/\",\"logo\":{\"@type\":\"ImageObject\",\"inLanguage\":\"en-US\",\"@id\":\"https:\\\/\\\/hub.ortopedie.md\\\/#\\\/schema\\\/logo\\\/image\\\/\",\"url\":\"https:\\\/\\\/hub.ortopedie.md\\\/wp-content\\\/uploads\\\/2018\\\/01\\\/hub-logo.png\",\"contentUrl\":\"https:\\\/\\\/hub.ortopedie.md\\\/wp-content\\\/uploads\\\/2018\\\/01\\\/hub-logo.png\",\"width\":124,\"height\":90,\"caption\":\"HUB ORTOPEDIE\"},\"image\":{\"@id\":\"https:\\\/\\\/hub.ortopedie.md\\\/#\\\/schema\\\/logo\\\/image\\\/\"},\"sameAs\":[\"https:\\\/\\\/www.facebook.com\\\/ORTOPEDIE.MD\\\/\",\"https:\\\/\\\/www.instagram.com\\\/hub_ortopedie\\\/\"]}]}<\/script>\n<meta property=\"product:price:amount\" content=\"42000.00\" \/>\n<meta property=\"product:price:currency\" content=\"MDL\" \/>\n<meta property=\"og:availability\" content=\"instock\" \/>\n<meta property=\"product:availability\" content=\"instock\" \/>\n<meta property=\"product:condition\" content=\"new\" \/>\n<!-- \/ Yoast SEO Premium plugin. -->","yoast_head_json":{"title":"Verticalizator dinamic ACTIVAL - HUB Ortopedie","robots":{"index":"index","follow":"follow","max-snippet":"max-snippet:-1","max-image-preview":"max-image-preview:large","max-video-preview":"max-video-preview:-1"},"canonical":"https:\/\/hub.ortopedie.md\/en\/shop\/verticalizator-dinamic\/","og_locale":"en_US","og_type":"article","og_title":"Verticalizator dinamic ACTIVAL","og_description":"Acest verticalizator va fi util \u00een special pentru reabilitarea zilnic\u0103 [...]","og_url":"https:\/\/hub.ortopedie.md\/shop\/verticalizator-dinamic\/","og_site_name":"Hub Ortopedie - Magazin ortopedic. \u041e\u0440\u0442\u043e\u043f\u0435\u0434\u0438\u0447\u0435\u0441\u043a\u0438\u0439 \u043c\u0430\u0433\u0430\u0437\u0438\u043d","article_publisher":"https:\/\/www.facebook.com\/ORTOPEDIE.MD\/","article_modified_time":"2026-01-25T12:35:59+00:00","og_image":[{"width":600,"height":600,"url":"https:\/\/hub.ortopedie.md\/wp-content\/uploads\/2020\/04\/Activall_01-380x413-1.jpg","type":"image\/jpeg"}],"twitter_misc":{"Price":"42,000.00&nbsp;MDL","Availability":"In stock"},"schema":{"@context":"https:\/\/schema.org","@graph":[{"@type":"WebPage","@id":"https:\/\/hub.ortopedie.md\/shop\/verticalizator-dinamic\/","url":"https:\/\/hub.ortopedie.md\/shop\/verticalizator-dinamic\/","name":"Verticalizator dinamic ACTIVAL - HUB Ortopedie","isPartOf":{"@id":"https:\/\/hub.ortopedie.md\/#website"},"primaryImageOfPage":{"@id":"https:\/\/hub.ortopedie.md\/shop\/verticalizator-dinamic\/#primaryimage"},"image":{"@id":"https:\/\/hub.ortopedie.md\/shop\/verticalizator-dinamic\/#primaryimage"},"thumbnailUrl":"https:\/\/hub.ortopedie.md\/wp-content\/uploads\/2020\/04\/Activall_01-380x413-1.jpg","datePublished":"2020-04-30T12:44:59+00:00","dateModified":"2026-01-25T12:35:59+00:00","breadcrumb":{"@id":"https:\/\/hub.ortopedie.md\/shop\/verticalizator-dinamic\/#breadcrumb"},"inLanguage":"en-US","potentialAction":[{"@type":"ReadAction","target":["https:\/\/hub.ortopedie.md\/shop\/verticalizator-dinamic\/"]}]},{"@type":"ImageObject","inLanguage":"en-US","@id":"https:\/\/hub.ortopedie.md\/shop\/verticalizator-dinamic\/#primaryimage","url":"https:\/\/hub.ortopedie.md\/wp-content\/uploads\/2020\/04\/Activall_01-380x413-1.jpg","contentUrl":"https:\/\/hub.ortopedie.md\/wp-content\/uploads\/2020\/04\/Activall_01-380x413-1.jpg","width":600,"height":600},{"@type":"BreadcrumbList","@id":"https:\/\/hub.ortopedie.md\/shop\/verticalizator-dinamic\/#breadcrumb","itemListElement":[{"@type":"ListItem","position":1,"name":"Prima pagin\u0103","item":"https:\/\/hub.ortopedie.md\/en\/"},{"@type":"ListItem","position":2,"name":"Produse","item":"https:\/\/hub.ortopedie.md\/shop\/"},{"@type":"ListItem","position":3,"name":"Verticalizator dinamic ACTIVAL"}]},{"@type":"WebSite","@id":"https:\/\/hub.ortopedie.md\/#website","url":"https:\/\/hub.ortopedie.md\/","name":"Hub Ortopedie - Magazin ortopedic. \u041e\u0440\u0442\u043e\u043f\u0435\u0434\u0438\u0447\u0435\u0441\u043a\u0438\u0439 \u043c\u0430\u0433\u0430\u0437\u0438\u043d","description":"S\u0103n\u0103tate, confort, calitate","publisher":{"@id":"https:\/\/hub.ortopedie.md\/#organization"},"potentialAction":[{"@type":"SearchAction","target":{"@type":"EntryPoint","urlTemplate":"https:\/\/hub.ortopedie.md\/?s={search_term_string}"},"query-input":{"@type":"PropertyValueSpecification","valueRequired":true,"valueName":"search_term_string"}}],"inLanguage":"en-US"},{"@type":"Organization","@id":"https:\/\/hub.ortopedie.md\/#organization","name":"HUB ORTOPEDIE","url":"https:\/\/hub.ortopedie.md\/","logo":{"@type":"ImageObject","inLanguage":"en-US","@id":"https:\/\/hub.ortopedie.md\/#\/schema\/logo\/image\/","url":"https:\/\/hub.ortopedie.md\/wp-content\/uploads\/2018\/01\/hub-logo.png","contentUrl":"https:\/\/hub.ortopedie.md\/wp-content\/uploads\/2018\/01\/hub-logo.png","width":124,"height":90,"caption":"HUB ORTOPEDIE"},"image":{"@id":"https:\/\/hub.ortopedie.md\/#\/schema\/logo\/image\/"},"sameAs":["https:\/\/www.facebook.com\/ORTOPEDIE.MD\/","https:\/\/www.instagram.com\/hub_ortopedie\/"]}]},"product_price_amount":"42000.00","product_price_currency":"MDL","og_availability":"instock","product_availability":"instock","product_condition":"new"},"jetpack_sharing_enabled":true,"brands":[{"id":272,"name":"Akces Med","slug":"akces-med"}],"_links":{"self":[{"href":"https:\/\/hub.ortopedie.md\/en\/wp-json\/wp\/v2\/product\/6882","targetHints":{"allow":["GET"]}}],"collection":[{"href":"https:\/\/hub.ortopedie.md\/en\/wp-json\/wp\/v2\/product"}],"about":[{"href":"https:\/\/hub.ortopedie.md\/en\/wp-json\/wp\/v2\/types\/product"}],"wp:featuredmedia":[{"embeddable":true,"href":"https:\/\/hub.ortopedie.md\/en\/wp-json\/wp\/v2\/media\/6869"}],"wp:attachment":[{"href":"https:\/\/hub.ortopedie.md\/en\/wp-json\/wp\/v2\/media?parent=6882"}],"wp:term":[{"taxonomy":"pwb-brand","embeddable":true,"href":"https:\/\/hub.ortopedie.md\/en\/wp-json\/wp\/v2\/pwb-brand?post=6882"},{"taxonomy":"product_brand","embeddable":true,"href":"https:\/\/hub.ortopedie.md\/en\/wp-json\/wp\/v2\/product_brand?post=6882"},{"taxonomy":"product_cat","embeddable":true,"href":"https:\/\/hub.ortopedie.md\/en\/wp-json\/wp\/v2\/product_cat?post=6882"},{"taxonomy":"product_tag","embeddable":true,"href":"https:\/\/hub.ortopedie.md\/en\/wp-json\/wp\/v2\/product_tag?post=6882"}],"curies":[{"name":"wp","href":"https:\/\/api.w.org\/{rel}","templated":true}]}}