{"id":6887,"date":"2020-04-29T17:22:26","date_gmt":"2020-04-30T17:41:37","guid":{"rendered":"https:\/\/hub.ortopedie.md\/shop\/verticalizator-pisica-i\/"},"modified":"2026-01-25T14:15:38","modified_gmt":"2026-01-25T12:15:38","slug":"verticalizator-pisica-i","status":"publish","type":"product","link":"https:\/\/hub.ortopedie.md\/en\/shop\/verticalizator-pisica-i\/","title":{"rendered":"Verticalizator CAT Invento I"},"content":{"rendered":"<p>Verticalizatorul PISICA I a fost creat pentru copiii cu deficien\u021be ale aparatului locomotor, care nu pot autonom s\u0103 stea \u00een picioare. Aceasta\u00a0 \u00eei ofer\u0103 copilului posibilitatea de a \u00eenv\u0103\u021ba despre lumea din jurul s\u0103u \u0219i \u00eei stimuleaz\u0103 dezvoltarea psihofiziologic\u0103. La fel ajut\u0103 la oxigenarea \u00eentregului corp. PISICA I este foarte util \u0219i u\u0219or de ajustat &#8211; unghiul de \u00eenclina\u021bie poate fi schimbat chiar \u0219i cu copila\u0219ul \u00een el, datorit\u0103 sistemului pneumatic de reglare; sistemul de securitate \u0219i centurile ofer\u0103 senza\u021bia de siguran\u021b\u0103. Din grij\u0103 pentru copii, produsul este realizat din materiale ecologice \u0219i sigure, pictat manual.<\/p>\n<div id=\"attachment_372\" class=\"wp-caption alignleft\"><\/div>\n<h2>INDICA\u021aII<\/h2>\n<p><strong>Recomandat copiilor cu un diagnostic de:<\/strong><\/p>\n<ul>\n<li>Paralizie cerebral\u0103 &#8211; diverse forme.<\/li>\n<li>Spina bifida.<\/li>\n<li>Deteriorarea creierului \u0219i m\u0103duvei spin\u0103rii &#8211; de diverse etiologii.<\/li>\n<li>Boli musculare.<\/li>\n<li>Sindroame genetice \u00eenso\u021bite de pareza membrelor.<\/li>\n<li>Dup\u0103 o leziune cranio-cerebral\u0103,\u00a0 leziune la nivelul coloanei vertebrale, m\u0103duvei spin\u0103rii \u0219i picioare.<\/li>\n<\/ul>\n<p><img decoding=\"async\" class=\"alignnone wp-image-6842 size-fusion-600\" src=\"https:\/\/hub.ortopedie.md\/wp-content\/uploads\/2020\/04\/piktogramy_w930_kotek1-600x279.jpg\" alt=\"\" width=\"600\" height=\"279\" srcset=\"https:\/\/hub.ortopedie.md\/wp-content\/uploads\/2020\/04\/piktogramy_w930_kotek1-200x93.jpg 200w, https:\/\/hub.ortopedie.md\/wp-content\/uploads\/2020\/04\/piktogramy_w930_kotek1-300x139.jpg 300w, https:\/\/hub.ortopedie.md\/wp-content\/uploads\/2020\/04\/piktogramy_w930_kotek1-400x186.jpg 400w, https:\/\/hub.ortopedie.md\/wp-content\/uploads\/2020\/04\/piktogramy_w930_kotek1-500x232.jpg 500w, https:\/\/hub.ortopedie.md\/wp-content\/uploads\/2020\/04\/piktogramy_w930_kotek1-600x279.jpg 600w, https:\/\/hub.ortopedie.md\/wp-content\/uploads\/2020\/04\/piktogramy_w930_kotek1-700x325.jpg 700w, https:\/\/hub.ortopedie.md\/wp-content\/uploads\/2020\/04\/piktogramy_w930_kotek1-768x357.jpg 768w, https:\/\/hub.ortopedie.md\/wp-content\/uploads\/2020\/04\/piktogramy_w930_kotek1-800x372.jpg 800w, https:\/\/hub.ortopedie.md\/wp-content\/uploads\/2020\/04\/piktogramy_w930_kotek1.jpg 930w\" sizes=\"(max-width: 600px) 100vw, 600px\" \/><\/p>\n<div class=\"spacer\">\n<table>\n<tbody>\n<tr>\n<th>Simbol<\/th>\n<th>Masura<\/th>\n<th>Unitate<\/th>\n<th>Dimensiune 1<\/th>\n<\/tr>\n<tr>\n<td><strong>W<\/strong><\/td>\n<td><strong>\u00cen\u0103l\u021bimea aproximativ\u0103 a pacientului *<\/strong><\/td>\n<td><strong>[cm]<\/strong><\/td>\n<td><strong>70 \u2014 100<\/strong><\/td>\n<\/tr>\n<tr>\n<td><strong>A<\/strong><\/td>\n<td><strong>L\u0103\u021bimea bazinului<\/strong><\/td>\n<td><strong>[cm]<\/strong><\/td>\n<td><strong>12 \u2014 23<\/strong><\/td>\n<\/tr>\n<tr>\n<td><strong>A<sub>1<\/sub><\/strong><\/td>\n<td><strong>L\u0103\u021bimea toracelui<\/strong><\/td>\n<td><strong>[cm]<\/strong><\/td>\n<td><strong>12 \u2014 21<\/strong><\/td>\n<\/tr>\n<tr>\n<td><strong>C<\/strong><\/td>\n<td><strong>Distan\u021ba dintre c\u0103lc\u00e2i -bazin<\/strong><\/td>\n<td><strong>[cm]<\/strong><\/td>\n<td><strong>38 \u2014 60<\/strong><\/td>\n<\/tr>\n<tr>\n<td><strong>C<sub>1<\/sub><\/strong><\/td>\n<td><strong>Distan\u021ba dintre c\u0103lc\u00e2i-axil\u0103<\/strong><\/td>\n<td><strong>[cm]<\/strong><\/td>\n<td><strong>50 \u2014 72<\/strong><\/td>\n<\/tr>\n<tr>\n<td>B<\/td>\n<td>Ad\u00e2ncimea femural\u0103<\/td>\n<td>[cm]<\/td>\n<td>12<\/td>\n<\/tr>\n<tr>\n<td>B<sub>1<\/sub><\/td>\n<td>Ad\u00e2ncimea pieptului<\/td>\n<td>[cm]<\/td>\n<td>12<\/td>\n<\/tr>\n<tr>\n<td><\/td>\n<td>Lungimea piciorului<\/td>\n<td>[cm]<\/td>\n<td>17<\/td>\n<\/tr>\n<tr>\n<td>E<\/td>\n<td>Unghi de \u00eenclinare verticalizator<\/td>\n<td>[\u00b0]<\/td>\n<td>25 \u2014 85<\/td>\n<\/tr>\n<tr>\n<td><\/td>\n<td>Greutatea maxim\u0103 a pacientului<\/td>\n<td>[kg]<\/td>\n<td>25<\/td>\n<\/tr>\n<\/tbody>\n<\/table>\n<\/div>\n<p>ATEN\u021aIE: toleran\u021ba dimensiunilor indicate \u00een tabel este de +\/- 1 cm.<\/p>\n<p>&nbsp;<\/p>\n","protected":false},"excerpt":{"rendered":"<p>Verticalizatorul PISICA I a fost creat pentru copiii cu deficien\u021be  [&#8230;]<\/p>\n","protected":false},"featured_media":6837,"template":"","meta":[],"pwb-brand":[272],"product_brand":[],"product_cat":[35,98],"product_tag":[],"class_list":{"0":"post-6887","1":"product","2":"type-product","3":"status-publish","4":"has-post-thumbnail","6":"pwb-brand-akces-med","7":"product_cat-dispozitive-de-mers-si-verticalizare","8":"product_cat-verticalizatoare","10":"first","11":"instock","12":"shipping-taxable","13":"purchasable","14":"product-type-simple"},"yoast_head":"<!-- This site is optimized with the Yoast SEO Premium plugin v18.3 (Yoast SEO v27.4) - https:\/\/yoast.com\/product\/yoast-seo-premium-wordpress\/ -->\n<title>Verticalizator CAT Invento I - HUB Ortopedie<\/title>\n<meta name=\"robots\" content=\"index, follow, max-snippet:-1, max-image-preview:large, max-video-preview:-1\" \/>\n<link rel=\"canonical\" href=\"https:\/\/hub.ortopedie.md\/en\/shop\/verticalizator-pisica-i\/\" \/>\n<meta property=\"og:locale\" content=\"en_US\" \/>\n<meta property=\"og:type\" content=\"article\" \/>\n<meta property=\"og:title\" content=\"Verticalizator CAT Invento I\" \/>\n<meta property=\"og:description\" content=\"Verticalizatorul PISICA I a fost creat pentru copiii cu deficien\u021be [...]\" \/>\n<meta property=\"og:url\" content=\"https:\/\/hub.ortopedie.md\/shop\/verticalizator-pisica-i\/\" \/>\n<meta property=\"og:site_name\" content=\"Hub Ortopedie - Magazin ortopedic. \u041e\u0440\u0442\u043e\u043f\u0435\u0434\u0438\u0447\u0435\u0441\u043a\u0438\u0439 \u043c\u0430\u0433\u0430\u0437\u0438\u043d\" \/>\n<meta property=\"article:publisher\" content=\"https:\/\/www.facebook.com\/ORTOPEDIE.MD\/\" \/>\n<meta property=\"article:modified_time\" content=\"2026-01-25T12:15:38+00:00\" \/>\n<meta property=\"og:image\" content=\"https:\/\/hub.ortopedie.md\/wp-content\/uploads\/2020\/04\/Bez-imeni-1.jpg\" \/>\n\t<meta property=\"og:image:width\" content=\"600\" \/>\n\t<meta property=\"og:image:height\" content=\"600\" \/>\n\t<meta property=\"og:image:type\" content=\"image\/jpeg\" \/>\n<meta name=\"twitter:label1\" content=\"Price\" \/>\n\t<meta name=\"twitter:data1\" content=\"36,000.00&nbsp;MDL\" \/>\n\t<meta name=\"twitter:label2\" content=\"Availability\" \/>\n\t<meta name=\"twitter:data2\" content=\"In stock\" \/>\n<script type=\"application\/ld+json\" class=\"yoast-schema-graph\">{\"@context\":\"https:\\\/\\\/schema.org\",\"@graph\":[{\"@type\":\"WebPage\",\"@id\":\"https:\\\/\\\/hub.ortopedie.md\\\/shop\\\/verticalizator-pisica-i\\\/\",\"url\":\"https:\\\/\\\/hub.ortopedie.md\\\/shop\\\/verticalizator-pisica-i\\\/\",\"name\":\"Verticalizator CAT Invento I - HUB Ortopedie\",\"isPartOf\":{\"@id\":\"https:\\\/\\\/hub.ortopedie.md\\\/#website\"},\"primaryImageOfPage\":{\"@id\":\"https:\\\/\\\/hub.ortopedie.md\\\/shop\\\/verticalizator-pisica-i\\\/#primaryimage\"},\"image\":{\"@id\":\"https:\\\/\\\/hub.ortopedie.md\\\/shop\\\/verticalizator-pisica-i\\\/#primaryimage\"},\"thumbnailUrl\":\"https:\\\/\\\/hub.ortopedie.md\\\/wp-content\\\/uploads\\\/2020\\\/04\\\/Bez-imeni-1.jpg\",\"datePublished\":\"2020-04-30T17:41:37+00:00\",\"dateModified\":\"2026-01-25T12:15:38+00:00\",\"breadcrumb\":{\"@id\":\"https:\\\/\\\/hub.ortopedie.md\\\/shop\\\/verticalizator-pisica-i\\\/#breadcrumb\"},\"inLanguage\":\"en-US\",\"potentialAction\":[{\"@type\":\"ReadAction\",\"target\":[\"https:\\\/\\\/hub.ortopedie.md\\\/shop\\\/verticalizator-pisica-i\\\/\"]}]},{\"@type\":\"ImageObject\",\"inLanguage\":\"en-US\",\"@id\":\"https:\\\/\\\/hub.ortopedie.md\\\/shop\\\/verticalizator-pisica-i\\\/#primaryimage\",\"url\":\"https:\\\/\\\/hub.ortopedie.md\\\/wp-content\\\/uploads\\\/2020\\\/04\\\/Bez-imeni-1.jpg\",\"contentUrl\":\"https:\\\/\\\/hub.ortopedie.md\\\/wp-content\\\/uploads\\\/2020\\\/04\\\/Bez-imeni-1.jpg\",\"width\":600,\"height\":600,\"caption\":\"\u041a\u041e\u0422\u0415\u041d\u041e\u041a I\u2122\"},{\"@type\":\"BreadcrumbList\",\"@id\":\"https:\\\/\\\/hub.ortopedie.md\\\/shop\\\/verticalizator-pisica-i\\\/#breadcrumb\",\"itemListElement\":[{\"@type\":\"ListItem\",\"position\":1,\"name\":\"Prima pagin\u0103\",\"item\":\"https:\\\/\\\/hub.ortopedie.md\\\/en\\\/\"},{\"@type\":\"ListItem\",\"position\":2,\"name\":\"Produse\",\"item\":\"https:\\\/\\\/hub.ortopedie.md\\\/shop\\\/\"},{\"@type\":\"ListItem\",\"position\":3,\"name\":\"Verticalizator CAT Invento I\"}]},{\"@type\":\"WebSite\",\"@id\":\"https:\\\/\\\/hub.ortopedie.md\\\/#website\",\"url\":\"https:\\\/\\\/hub.ortopedie.md\\\/\",\"name\":\"Hub Ortopedie - Magazin ortopedic. \u041e\u0440\u0442\u043e\u043f\u0435\u0434\u0438\u0447\u0435\u0441\u043a\u0438\u0439 \u043c\u0430\u0433\u0430\u0437\u0438\u043d\",\"description\":\"S\u0103n\u0103tate, confort, calitate\",\"publisher\":{\"@id\":\"https:\\\/\\\/hub.ortopedie.md\\\/#organization\"},\"potentialAction\":[{\"@type\":\"SearchAction\",\"target\":{\"@type\":\"EntryPoint\",\"urlTemplate\":\"https:\\\/\\\/hub.ortopedie.md\\\/?s={search_term_string}\"},\"query-input\":{\"@type\":\"PropertyValueSpecification\",\"valueRequired\":true,\"valueName\":\"search_term_string\"}}],\"inLanguage\":\"en-US\"},{\"@type\":\"Organization\",\"@id\":\"https:\\\/\\\/hub.ortopedie.md\\\/#organization\",\"name\":\"HUB ORTOPEDIE\",\"url\":\"https:\\\/\\\/hub.ortopedie.md\\\/\",\"logo\":{\"@type\":\"ImageObject\",\"inLanguage\":\"en-US\",\"@id\":\"https:\\\/\\\/hub.ortopedie.md\\\/#\\\/schema\\\/logo\\\/image\\\/\",\"url\":\"https:\\\/\\\/hub.ortopedie.md\\\/wp-content\\\/uploads\\\/2018\\\/01\\\/hub-logo.png\",\"contentUrl\":\"https:\\\/\\\/hub.ortopedie.md\\\/wp-content\\\/uploads\\\/2018\\\/01\\\/hub-logo.png\",\"width\":124,\"height\":90,\"caption\":\"HUB ORTOPEDIE\"},\"image\":{\"@id\":\"https:\\\/\\\/hub.ortopedie.md\\\/#\\\/schema\\\/logo\\\/image\\\/\"},\"sameAs\":[\"https:\\\/\\\/www.facebook.com\\\/ORTOPEDIE.MD\\\/\",\"https:\\\/\\\/www.instagram.com\\\/hub_ortopedie\\\/\"]}]}<\/script>\n<meta property=\"product:price:amount\" content=\"36000.00\" \/>\n<meta property=\"product:price:currency\" content=\"MDL\" \/>\n<meta property=\"og:availability\" content=\"instock\" \/>\n<meta property=\"product:availability\" content=\"instock\" \/>\n<meta property=\"product:condition\" content=\"new\" \/>\n<!-- \/ Yoast SEO Premium plugin. -->","yoast_head_json":{"title":"Verticalizator CAT Invento I - HUB Ortopedie","robots":{"index":"index","follow":"follow","max-snippet":"max-snippet:-1","max-image-preview":"max-image-preview:large","max-video-preview":"max-video-preview:-1"},"canonical":"https:\/\/hub.ortopedie.md\/en\/shop\/verticalizator-pisica-i\/","og_locale":"en_US","og_type":"article","og_title":"Verticalizator CAT Invento I","og_description":"Verticalizatorul PISICA I a fost creat pentru copiii cu deficien\u021be [...]","og_url":"https:\/\/hub.ortopedie.md\/shop\/verticalizator-pisica-i\/","og_site_name":"Hub Ortopedie - Magazin ortopedic. \u041e\u0440\u0442\u043e\u043f\u0435\u0434\u0438\u0447\u0435\u0441\u043a\u0438\u0439 \u043c\u0430\u0433\u0430\u0437\u0438\u043d","article_publisher":"https:\/\/www.facebook.com\/ORTOPEDIE.MD\/","article_modified_time":"2026-01-25T12:15:38+00:00","og_image":[{"width":600,"height":600,"url":"https:\/\/hub.ortopedie.md\/wp-content\/uploads\/2020\/04\/Bez-imeni-1.jpg","type":"image\/jpeg"}],"twitter_misc":{"Price":"36,000.00&nbsp;MDL","Availability":"In stock"},"schema":{"@context":"https:\/\/schema.org","@graph":[{"@type":"WebPage","@id":"https:\/\/hub.ortopedie.md\/shop\/verticalizator-pisica-i\/","url":"https:\/\/hub.ortopedie.md\/shop\/verticalizator-pisica-i\/","name":"Verticalizator CAT Invento I - HUB Ortopedie","isPartOf":{"@id":"https:\/\/hub.ortopedie.md\/#website"},"primaryImageOfPage":{"@id":"https:\/\/hub.ortopedie.md\/shop\/verticalizator-pisica-i\/#primaryimage"},"image":{"@id":"https:\/\/hub.ortopedie.md\/shop\/verticalizator-pisica-i\/#primaryimage"},"thumbnailUrl":"https:\/\/hub.ortopedie.md\/wp-content\/uploads\/2020\/04\/Bez-imeni-1.jpg","datePublished":"2020-04-30T17:41:37+00:00","dateModified":"2026-01-25T12:15:38+00:00","breadcrumb":{"@id":"https:\/\/hub.ortopedie.md\/shop\/verticalizator-pisica-i\/#breadcrumb"},"inLanguage":"en-US","potentialAction":[{"@type":"ReadAction","target":["https:\/\/hub.ortopedie.md\/shop\/verticalizator-pisica-i\/"]}]},{"@type":"ImageObject","inLanguage":"en-US","@id":"https:\/\/hub.ortopedie.md\/shop\/verticalizator-pisica-i\/#primaryimage","url":"https:\/\/hub.ortopedie.md\/wp-content\/uploads\/2020\/04\/Bez-imeni-1.jpg","contentUrl":"https:\/\/hub.ortopedie.md\/wp-content\/uploads\/2020\/04\/Bez-imeni-1.jpg","width":600,"height":600,"caption":"\u041a\u041e\u0422\u0415\u041d\u041e\u041a I\u2122"},{"@type":"BreadcrumbList","@id":"https:\/\/hub.ortopedie.md\/shop\/verticalizator-pisica-i\/#breadcrumb","itemListElement":[{"@type":"ListItem","position":1,"name":"Prima pagin\u0103","item":"https:\/\/hub.ortopedie.md\/en\/"},{"@type":"ListItem","position":2,"name":"Produse","item":"https:\/\/hub.ortopedie.md\/shop\/"},{"@type":"ListItem","position":3,"name":"Verticalizator CAT Invento I"}]},{"@type":"WebSite","@id":"https:\/\/hub.ortopedie.md\/#website","url":"https:\/\/hub.ortopedie.md\/","name":"Hub Ortopedie - Magazin ortopedic. \u041e\u0440\u0442\u043e\u043f\u0435\u0434\u0438\u0447\u0435\u0441\u043a\u0438\u0439 \u043c\u0430\u0433\u0430\u0437\u0438\u043d","description":"S\u0103n\u0103tate, confort, calitate","publisher":{"@id":"https:\/\/hub.ortopedie.md\/#organization"},"potentialAction":[{"@type":"SearchAction","target":{"@type":"EntryPoint","urlTemplate":"https:\/\/hub.ortopedie.md\/?s={search_term_string}"},"query-input":{"@type":"PropertyValueSpecification","valueRequired":true,"valueName":"search_term_string"}}],"inLanguage":"en-US"},{"@type":"Organization","@id":"https:\/\/hub.ortopedie.md\/#organization","name":"HUB ORTOPEDIE","url":"https:\/\/hub.ortopedie.md\/","logo":{"@type":"ImageObject","inLanguage":"en-US","@id":"https:\/\/hub.ortopedie.md\/#\/schema\/logo\/image\/","url":"https:\/\/hub.ortopedie.md\/wp-content\/uploads\/2018\/01\/hub-logo.png","contentUrl":"https:\/\/hub.ortopedie.md\/wp-content\/uploads\/2018\/01\/hub-logo.png","width":124,"height":90,"caption":"HUB ORTOPEDIE"},"image":{"@id":"https:\/\/hub.ortopedie.md\/#\/schema\/logo\/image\/"},"sameAs":["https:\/\/www.facebook.com\/ORTOPEDIE.MD\/","https:\/\/www.instagram.com\/hub_ortopedie\/"]}]},"product_price_amount":"36000.00","product_price_currency":"MDL","og_availability":"instock","product_availability":"instock","product_condition":"new"},"jetpack_sharing_enabled":true,"brands":[{"id":272,"name":"Akces Med","slug":"akces-med"}],"_links":{"self":[{"href":"https:\/\/hub.ortopedie.md\/en\/wp-json\/wp\/v2\/product\/6887","targetHints":{"allow":["GET"]}}],"collection":[{"href":"https:\/\/hub.ortopedie.md\/en\/wp-json\/wp\/v2\/product"}],"about":[{"href":"https:\/\/hub.ortopedie.md\/en\/wp-json\/wp\/v2\/types\/product"}],"wp:featuredmedia":[{"embeddable":true,"href":"https:\/\/hub.ortopedie.md\/en\/wp-json\/wp\/v2\/media\/6837"}],"wp:attachment":[{"href":"https:\/\/hub.ortopedie.md\/en\/wp-json\/wp\/v2\/media?parent=6887"}],"wp:term":[{"taxonomy":"pwb-brand","embeddable":true,"href":"https:\/\/hub.ortopedie.md\/en\/wp-json\/wp\/v2\/pwb-brand?post=6887"},{"taxonomy":"product_brand","embeddable":true,"href":"https:\/\/hub.ortopedie.md\/en\/wp-json\/wp\/v2\/product_brand?post=6887"},{"taxonomy":"product_cat","embeddable":true,"href":"https:\/\/hub.ortopedie.md\/en\/wp-json\/wp\/v2\/product_cat?post=6887"},{"taxonomy":"product_tag","embeddable":true,"href":"https:\/\/hub.ortopedie.md\/en\/wp-json\/wp\/v2\/product_tag?post=6887"}],"curies":[{"name":"wp","href":"https:\/\/api.w.org\/{rel}","templated":true}]}}