{"id":6955,"date":"2020-05-01T08:56:12","date_gmt":"2020-05-01T08:56:12","guid":{"rendered":"https:\/\/hub.ortopedie.md\/shop\/scaun-pentru-scaldat-aquosego\/"},"modified":"2025-03-29T11:03:15","modified_gmt":"2025-03-29T09:03:15","slug":"scaun-pentru-scaldat-aquosego","status":"publish","type":"product","link":"https:\/\/hub.ortopedie.md\/en\/shop\/scaun-pentru-scaldat-aquosego\/","title":{"rendered":"Scaun pentru sc\u0103ldat AQUOSEGO"},"content":{"rendered":"<p>Scaunul AQUOSEGO \u2122 este o solu\u021bie simpl\u0103 \u0219i inovatoare care ajut\u0103 la \u00eengrijirea persoanelor cu dizabilit\u0103\u021bi.<\/p>\n<p>Scaunul este format dintr-un cadru robust din aluminiu, protejat de ap\u0103. Tuburile cadru sunt acoperite cu\u00a0 \u00eenveli\u0219 moale, pentru a nu deteriora cada sau piscina. Designul unic al cadrului v\u0103 permite s\u0103 regla\u021bi unghiul suportului \u0219i sp\u0103tarului, precum \u0219i \u00een\u0103l\u021bimea \u0219i unghiul scaunului. Acest lucru permite s\u0103 adapta\u021bi optim scaunul la nevoile pacientului. Tapi\u021beria este realizat\u0103 dintr-o \u021bes\u0103tur\u0103 rezistent\u0103 la ap\u0103.<\/p>\n<p>\u00cen func\u021bie de dimensiune, scaunul are diferite tapi\u021berii \u0219i culori de cadru.<\/p>\n<p><img decoding=\"async\" class=\"alignnone wp-image-6942 size-fusion-600\" src=\"https:\/\/hub.ortopedie.md\/wp-content\/uploads\/2020\/05\/AKVOSEGO-Adjustments-940x439-1-600x280.jpg\" alt=\"\" width=\"600\" height=\"280\" srcset=\"https:\/\/hub.ortopedie.md\/wp-content\/uploads\/2020\/05\/AKVOSEGO-Adjustments-940x439-1-200x93.jpg 200w, https:\/\/hub.ortopedie.md\/wp-content\/uploads\/2020\/05\/AKVOSEGO-Adjustments-940x439-1-300x140.jpg 300w, https:\/\/hub.ortopedie.md\/wp-content\/uploads\/2020\/05\/AKVOSEGO-Adjustments-940x439-1-400x187.jpg 400w, https:\/\/hub.ortopedie.md\/wp-content\/uploads\/2020\/05\/AKVOSEGO-Adjustments-940x439-1-500x234.jpg 500w, https:\/\/hub.ortopedie.md\/wp-content\/uploads\/2020\/05\/AKVOSEGO-Adjustments-940x439-1-600x280.jpg 600w, https:\/\/hub.ortopedie.md\/wp-content\/uploads\/2020\/05\/AKVOSEGO-Adjustments-940x439-1-700x327.jpg 700w, https:\/\/hub.ortopedie.md\/wp-content\/uploads\/2020\/05\/AKVOSEGO-Adjustments-940x439-1-768x359.jpg 768w, https:\/\/hub.ortopedie.md\/wp-content\/uploads\/2020\/05\/AKVOSEGO-Adjustments-940x439-1-800x374.jpg 800w, https:\/\/hub.ortopedie.md\/wp-content\/uploads\/2020\/05\/AKVOSEGO-Adjustments-940x439-1.jpg 940w\" sizes=\"(max-width: 600px) 100vw, 600px\" \/><\/p>\n<h2>INDICATII<\/h2>\n<p><strong>Recomandat copiilor, adolescen\u021bilor \u0219i adul\u021bilor cu un diagnostic de:<\/strong><\/p>\n<ul>\n<li>Degenerarea, deformarea membrelor sau deteriorarea articula\u021biilor,<br \/>\nhemiplegie,<\/li>\n<li>Paraplegie (de obicei membre inferioare)<\/li>\n<li>Paralizie bilateral\u0103, parez\u0103,<\/li>\n<li>Quadriplegia, tetrapareza (\u00eentregul corp: cap, trunchi \u0219i membre).<\/li>\n<\/ul>\n<p><img decoding=\"async\" class=\"alignnone wp-image-6946 size-fusion-600\" src=\"https:\/\/hub.ortopedie.md\/wp-content\/uploads\/2020\/05\/pomair2-600x349.png\" alt=\"\" width=\"600\" height=\"349\" srcset=\"https:\/\/hub.ortopedie.md\/wp-content\/uploads\/2020\/05\/pomair2-200x116.png 200w, https:\/\/hub.ortopedie.md\/wp-content\/uploads\/2020\/05\/pomair2-300x175.png 300w, https:\/\/hub.ortopedie.md\/wp-content\/uploads\/2020\/05\/pomair2-400x233.png 400w, https:\/\/hub.ortopedie.md\/wp-content\/uploads\/2020\/05\/pomair2-500x291.png 500w, https:\/\/hub.ortopedie.md\/wp-content\/uploads\/2020\/05\/pomair2-600x349.png 600w, https:\/\/hub.ortopedie.md\/wp-content\/uploads\/2020\/05\/pomair2-700x408.png 700w, https:\/\/hub.ortopedie.md\/wp-content\/uploads\/2020\/05\/pomair2-768x447.png 768w, https:\/\/hub.ortopedie.md\/wp-content\/uploads\/2020\/05\/pomair2-800x466.png 800w, https:\/\/hub.ortopedie.md\/wp-content\/uploads\/2020\/05\/pomair2.png 900w\" sizes=\"(max-width: 600px) 100vw, 600px\" \/><\/p>\n<div class=\"spacer\">\n<table>\n<tbody>\n<tr>\n<th>Simbol<\/th>\n<th>Masura<\/th>\n<th>Un.<\/th>\n<th>Dim.<\/p>\n<p>0<\/th>\n<th>Dim.<\/p>\n<p>1<\/th>\n<th>Dim.<\/p>\n<p>2<\/th>\n<th>Dim.<\/p>\n<p>3<\/th>\n<\/tr>\n<tr>\n<td><strong>A<\/strong><\/td>\n<td>L\u0103\u021bimea scaunului<\/td>\n<td><strong>[cm]<\/strong><\/td>\n<td><strong>37<\/strong><\/td>\n<td><strong>42<\/strong><\/td>\n<td><strong>45<\/strong><\/td>\n<td><strong>50<\/strong><\/td>\n<\/tr>\n<tr>\n<td><strong>B<\/strong><\/td>\n<td>Ad\u00e2ncimea scaunului<\/td>\n<td><strong>[cm]<\/strong><\/td>\n<td><strong>23 \u2014 28<\/strong><\/td>\n<td><strong>28 \u2014 33<\/strong><\/td>\n<td><strong>32 \u2014 40<\/strong><\/td>\n<td><strong>37 \u2014 50<\/strong><\/td>\n<\/tr>\n<tr>\n<td><strong>C<\/strong><\/td>\n<td>\u00cen\u0103l\u021bimea tetierei<\/td>\n<td><strong>[cm]<\/strong><\/td>\n<td><strong>16<\/strong><\/td>\n<td><strong>16<\/strong><\/td>\n<td><strong>19<\/strong><\/td>\n<td><strong>23<\/strong><\/td>\n<\/tr>\n<tr>\n<td><strong>C<sub>1<\/sub><\/strong><\/td>\n<td>\u00cen\u0103l\u021bimea spatelui<\/td>\n<td><strong>[cm]<\/strong><\/td>\n<td><strong>31<\/strong><\/td>\n<td><strong>40<\/strong><\/td>\n<td><strong>44<\/strong><\/td>\n<td><strong>50<\/strong><\/td>\n<\/tr>\n<tr>\n<td><strong>C<sub>2<\/sub><\/strong><\/td>\n<td>\u00cen\u0103l\u021bimea picioarelor<\/td>\n<td><strong>[cm]<\/strong><\/td>\n<td><strong>26<\/strong><\/td>\n<td><strong>31<\/strong><\/td>\n<td><strong>36<\/strong><\/td>\n<td><strong>41<\/strong><\/td>\n<\/tr>\n<tr>\n<td>C<sub>3<\/sub><\/td>\n<td>\u00cen\u0103l\u021bimea scaunului (deasupra podelei)<\/td>\n<td>[cm]<\/td>\n<td>11 \u2014 44<\/td>\n<td>11 \u2014 44<\/td>\n<td>13 \u2014 49<\/td>\n<td>15 \u2014 54<\/td>\n<\/tr>\n<tr>\n<td><\/td>\n<td>Unghiul suportului pentru picioare (\u00een raport cu scaunul)<\/td>\n<td>[\u00b0]<\/td>\n<td>90 \u2014 180<\/td>\n<td>90 \u2014 180<\/td>\n<td>90 \u2014 180<\/td>\n<td>90 \u2014 180<\/td>\n<\/tr>\n<tr>\n<td><\/td>\n<td>Unghiul spate (\u00een raport cu scaunul)<\/td>\n<td>[\u00b0]<\/td>\n<td>90 \u2014 180<\/td>\n<td>90 \u2014 180<\/td>\n<td>90 \u2014 180<\/td>\n<td>90 \u2014 180<\/td>\n<\/tr>\n<tr>\n<td><\/td>\n<td>Unghiul tetierei (\u00een raport cu spatele)<\/td>\n<td>[\u00b0]<\/td>\n<td>205<\/td>\n<td>210<\/td>\n<td>210<\/td>\n<td>205<\/td>\n<\/tr>\n<tr>\n<td><\/td>\n<td>Max. greutatea pacientului<\/td>\n<td>[kg]<\/td>\n<td>25<\/td>\n<td>30<\/td>\n<td>50<\/td>\n<td>75<\/td>\n<\/tr>\n<tr>\n<td><\/td>\n<td>\u00cen\u0103l\u021bimea aproximativ\u0103 a pacientului *<\/td>\n<td>[cm]<\/td>\n<td>&lt; 100<\/td>\n<td>100 \u2014 120<\/td>\n<td>120 \u2014 140<\/td>\n<td>130 \u2014 170<\/td>\n<\/tr>\n<\/tbody>\n<\/table>\n<\/div>\n<p>ATEN\u021aIE: toleran\u021ba dimensiunilor indicate \u00een tabel este de +\/- 1 cm.<\/p>\n","protected":false},"excerpt":{"rendered":"<p>Scaunul AQUOSEGO \u2122 este o solu\u021bie simpl\u0103 \u0219i inovatoare care  [&#8230;]<\/p>\n","protected":false},"featured_media":6945,"template":"","meta":[],"pwb-brand":[272],"product_brand":[],"product_cat":[36],"product_tag":[],"class_list":{"0":"post-6955","1":"product","2":"type-product","3":"status-publish","4":"has-post-thumbnail","6":"pwb-brand-akces-med","7":"product_cat-ingrijire-la-domiciliu","9":"first","10":"instock","11":"shipping-taxable","12":"purchasable","13":"product-type-simple"},"yoast_head":"<!-- This site is optimized with the Yoast SEO Premium plugin v18.3 (Yoast SEO v27.4) - https:\/\/yoast.com\/product\/yoast-seo-premium-wordpress\/ -->\n<title>Scaun pentru sc\u0103ldat AQUOSEGO - HUB Ortopedie<\/title>\n<meta name=\"robots\" content=\"index, follow, max-snippet:-1, max-image-preview:large, max-video-preview:-1\" \/>\n<link rel=\"canonical\" href=\"https:\/\/hub.ortopedie.md\/en\/shop\/scaun-pentru-scaldat-aquosego\/\" \/>\n<meta property=\"og:locale\" content=\"en_US\" \/>\n<meta property=\"og:type\" content=\"article\" \/>\n<meta property=\"og:title\" content=\"Scaun pentru sc\u0103ldat AQUOSEGO\" \/>\n<meta property=\"og:description\" content=\"Scaunul AQUOSEGO \u2122 este o solu\u021bie simpl\u0103 \u0219i inovatoare care [...]\" \/>\n<meta property=\"og:url\" content=\"https:\/\/hub.ortopedie.md\/shop\/scaun-pentru-scaldat-aquosego\/\" \/>\n<meta property=\"og:site_name\" content=\"Hub Ortopedie - Magazin ortopedic. \u041e\u0440\u0442\u043e\u043f\u0435\u0434\u0438\u0447\u0435\u0441\u043a\u0438\u0439 \u043c\u0430\u0433\u0430\u0437\u0438\u043d\" \/>\n<meta property=\"article:publisher\" content=\"https:\/\/www.facebook.com\/ORTOPEDIE.MD\/\" \/>\n<meta property=\"article:modified_time\" content=\"2025-03-29T09:03:15+00:00\" \/>\n<meta property=\"og:image\" content=\"https:\/\/hub.ortopedie.md\/wp-content\/uploads\/2020\/05\/akvosego-niebieski-380x380-1.png\" \/>\n\t<meta property=\"og:image:width\" content=\"601\" \/>\n\t<meta property=\"og:image:height\" content=\"602\" \/>\n\t<meta property=\"og:image:type\" content=\"image\/png\" \/>\n<meta name=\"twitter:label1\" content=\"Price\" \/>\n\t<meta name=\"twitter:data1\" content=\"11,000.00&nbsp;MDL\" \/>\n\t<meta name=\"twitter:label2\" content=\"Availability\" \/>\n\t<meta name=\"twitter:data2\" content=\"In stock\" \/>\n<script type=\"application\/ld+json\" class=\"yoast-schema-graph\">{\"@context\":\"https:\\\/\\\/schema.org\",\"@graph\":[{\"@type\":\"WebPage\",\"@id\":\"https:\\\/\\\/hub.ortopedie.md\\\/shop\\\/scaun-pentru-scaldat-aquosego\\\/\",\"url\":\"https:\\\/\\\/hub.ortopedie.md\\\/shop\\\/scaun-pentru-scaldat-aquosego\\\/\",\"name\":\"Scaun pentru sc\u0103ldat AQUOSEGO - HUB Ortopedie\",\"isPartOf\":{\"@id\":\"https:\\\/\\\/hub.ortopedie.md\\\/#website\"},\"primaryImageOfPage\":{\"@id\":\"https:\\\/\\\/hub.ortopedie.md\\\/shop\\\/scaun-pentru-scaldat-aquosego\\\/#primaryimage\"},\"image\":{\"@id\":\"https:\\\/\\\/hub.ortopedie.md\\\/shop\\\/scaun-pentru-scaldat-aquosego\\\/#primaryimage\"},\"thumbnailUrl\":\"https:\\\/\\\/hub.ortopedie.md\\\/wp-content\\\/uploads\\\/2020\\\/05\\\/akvosego-niebieski-380x380-1.png\",\"datePublished\":\"2020-05-01T08:56:12+00:00\",\"dateModified\":\"2025-03-29T09:03:15+00:00\",\"breadcrumb\":{\"@id\":\"https:\\\/\\\/hub.ortopedie.md\\\/shop\\\/scaun-pentru-scaldat-aquosego\\\/#breadcrumb\"},\"inLanguage\":\"en-US\",\"potentialAction\":[{\"@type\":\"ReadAction\",\"target\":[\"https:\\\/\\\/hub.ortopedie.md\\\/shop\\\/scaun-pentru-scaldat-aquosego\\\/\"]}]},{\"@type\":\"ImageObject\",\"inLanguage\":\"en-US\",\"@id\":\"https:\\\/\\\/hub.ortopedie.md\\\/shop\\\/scaun-pentru-scaldat-aquosego\\\/#primaryimage\",\"url\":\"https:\\\/\\\/hub.ortopedie.md\\\/wp-content\\\/uploads\\\/2020\\\/05\\\/akvosego-niebieski-380x380-1.png\",\"contentUrl\":\"https:\\\/\\\/hub.ortopedie.md\\\/wp-content\\\/uploads\\\/2020\\\/05\\\/akvosego-niebieski-380x380-1.png\",\"width\":601,\"height\":602},{\"@type\":\"BreadcrumbList\",\"@id\":\"https:\\\/\\\/hub.ortopedie.md\\\/shop\\\/scaun-pentru-scaldat-aquosego\\\/#breadcrumb\",\"itemListElement\":[{\"@type\":\"ListItem\",\"position\":1,\"name\":\"Prima pagin\u0103\",\"item\":\"https:\\\/\\\/hub.ortopedie.md\\\/en\\\/\"},{\"@type\":\"ListItem\",\"position\":2,\"name\":\"Produse\",\"item\":\"https:\\\/\\\/hub.ortopedie.md\\\/shop\\\/\"},{\"@type\":\"ListItem\",\"position\":3,\"name\":\"Scaun pentru sc\u0103ldat AQUOSEGO\"}]},{\"@type\":\"WebSite\",\"@id\":\"https:\\\/\\\/hub.ortopedie.md\\\/#website\",\"url\":\"https:\\\/\\\/hub.ortopedie.md\\\/\",\"name\":\"Hub Ortopedie - Magazin ortopedic. \u041e\u0440\u0442\u043e\u043f\u0435\u0434\u0438\u0447\u0435\u0441\u043a\u0438\u0439 \u043c\u0430\u0433\u0430\u0437\u0438\u043d\",\"description\":\"S\u0103n\u0103tate, confort, calitate\",\"publisher\":{\"@id\":\"https:\\\/\\\/hub.ortopedie.md\\\/#organization\"},\"potentialAction\":[{\"@type\":\"SearchAction\",\"target\":{\"@type\":\"EntryPoint\",\"urlTemplate\":\"https:\\\/\\\/hub.ortopedie.md\\\/?s={search_term_string}\"},\"query-input\":{\"@type\":\"PropertyValueSpecification\",\"valueRequired\":true,\"valueName\":\"search_term_string\"}}],\"inLanguage\":\"en-US\"},{\"@type\":\"Organization\",\"@id\":\"https:\\\/\\\/hub.ortopedie.md\\\/#organization\",\"name\":\"HUB ORTOPEDIE\",\"url\":\"https:\\\/\\\/hub.ortopedie.md\\\/\",\"logo\":{\"@type\":\"ImageObject\",\"inLanguage\":\"en-US\",\"@id\":\"https:\\\/\\\/hub.ortopedie.md\\\/#\\\/schema\\\/logo\\\/image\\\/\",\"url\":\"https:\\\/\\\/hub.ortopedie.md\\\/wp-content\\\/uploads\\\/2018\\\/01\\\/hub-logo.png\",\"contentUrl\":\"https:\\\/\\\/hub.ortopedie.md\\\/wp-content\\\/uploads\\\/2018\\\/01\\\/hub-logo.png\",\"width\":124,\"height\":90,\"caption\":\"HUB ORTOPEDIE\"},\"image\":{\"@id\":\"https:\\\/\\\/hub.ortopedie.md\\\/#\\\/schema\\\/logo\\\/image\\\/\"},\"sameAs\":[\"https:\\\/\\\/www.facebook.com\\\/ORTOPEDIE.MD\\\/\",\"https:\\\/\\\/www.instagram.com\\\/hub_ortopedie\\\/\"]}]}<\/script>\n<meta property=\"product:price:amount\" content=\"11000.00\" \/>\n<meta property=\"product:price:currency\" content=\"MDL\" \/>\n<meta property=\"og:availability\" content=\"instock\" \/>\n<meta property=\"product:availability\" content=\"instock\" \/>\n<meta property=\"product:condition\" content=\"new\" \/>\n<!-- \/ Yoast SEO Premium plugin. -->","yoast_head_json":{"title":"Scaun pentru sc\u0103ldat AQUOSEGO - HUB Ortopedie","robots":{"index":"index","follow":"follow","max-snippet":"max-snippet:-1","max-image-preview":"max-image-preview:large","max-video-preview":"max-video-preview:-1"},"canonical":"https:\/\/hub.ortopedie.md\/en\/shop\/scaun-pentru-scaldat-aquosego\/","og_locale":"en_US","og_type":"article","og_title":"Scaun pentru sc\u0103ldat AQUOSEGO","og_description":"Scaunul AQUOSEGO \u2122 este o solu\u021bie simpl\u0103 \u0219i inovatoare care [...]","og_url":"https:\/\/hub.ortopedie.md\/shop\/scaun-pentru-scaldat-aquosego\/","og_site_name":"Hub Ortopedie - Magazin ortopedic. \u041e\u0440\u0442\u043e\u043f\u0435\u0434\u0438\u0447\u0435\u0441\u043a\u0438\u0439 \u043c\u0430\u0433\u0430\u0437\u0438\u043d","article_publisher":"https:\/\/www.facebook.com\/ORTOPEDIE.MD\/","article_modified_time":"2025-03-29T09:03:15+00:00","og_image":[{"width":601,"height":602,"url":"https:\/\/hub.ortopedie.md\/wp-content\/uploads\/2020\/05\/akvosego-niebieski-380x380-1.png","type":"image\/png"}],"twitter_misc":{"Price":"11,000.00&nbsp;MDL","Availability":"In stock"},"schema":{"@context":"https:\/\/schema.org","@graph":[{"@type":"WebPage","@id":"https:\/\/hub.ortopedie.md\/shop\/scaun-pentru-scaldat-aquosego\/","url":"https:\/\/hub.ortopedie.md\/shop\/scaun-pentru-scaldat-aquosego\/","name":"Scaun pentru sc\u0103ldat AQUOSEGO - HUB Ortopedie","isPartOf":{"@id":"https:\/\/hub.ortopedie.md\/#website"},"primaryImageOfPage":{"@id":"https:\/\/hub.ortopedie.md\/shop\/scaun-pentru-scaldat-aquosego\/#primaryimage"},"image":{"@id":"https:\/\/hub.ortopedie.md\/shop\/scaun-pentru-scaldat-aquosego\/#primaryimage"},"thumbnailUrl":"https:\/\/hub.ortopedie.md\/wp-content\/uploads\/2020\/05\/akvosego-niebieski-380x380-1.png","datePublished":"2020-05-01T08:56:12+00:00","dateModified":"2025-03-29T09:03:15+00:00","breadcrumb":{"@id":"https:\/\/hub.ortopedie.md\/shop\/scaun-pentru-scaldat-aquosego\/#breadcrumb"},"inLanguage":"en-US","potentialAction":[{"@type":"ReadAction","target":["https:\/\/hub.ortopedie.md\/shop\/scaun-pentru-scaldat-aquosego\/"]}]},{"@type":"ImageObject","inLanguage":"en-US","@id":"https:\/\/hub.ortopedie.md\/shop\/scaun-pentru-scaldat-aquosego\/#primaryimage","url":"https:\/\/hub.ortopedie.md\/wp-content\/uploads\/2020\/05\/akvosego-niebieski-380x380-1.png","contentUrl":"https:\/\/hub.ortopedie.md\/wp-content\/uploads\/2020\/05\/akvosego-niebieski-380x380-1.png","width":601,"height":602},{"@type":"BreadcrumbList","@id":"https:\/\/hub.ortopedie.md\/shop\/scaun-pentru-scaldat-aquosego\/#breadcrumb","itemListElement":[{"@type":"ListItem","position":1,"name":"Prima pagin\u0103","item":"https:\/\/hub.ortopedie.md\/en\/"},{"@type":"ListItem","position":2,"name":"Produse","item":"https:\/\/hub.ortopedie.md\/shop\/"},{"@type":"ListItem","position":3,"name":"Scaun pentru sc\u0103ldat AQUOSEGO"}]},{"@type":"WebSite","@id":"https:\/\/hub.ortopedie.md\/#website","url":"https:\/\/hub.ortopedie.md\/","name":"Hub Ortopedie - Magazin ortopedic. \u041e\u0440\u0442\u043e\u043f\u0435\u0434\u0438\u0447\u0435\u0441\u043a\u0438\u0439 \u043c\u0430\u0433\u0430\u0437\u0438\u043d","description":"S\u0103n\u0103tate, confort, calitate","publisher":{"@id":"https:\/\/hub.ortopedie.md\/#organization"},"potentialAction":[{"@type":"SearchAction","target":{"@type":"EntryPoint","urlTemplate":"https:\/\/hub.ortopedie.md\/?s={search_term_string}"},"query-input":{"@type":"PropertyValueSpecification","valueRequired":true,"valueName":"search_term_string"}}],"inLanguage":"en-US"},{"@type":"Organization","@id":"https:\/\/hub.ortopedie.md\/#organization","name":"HUB ORTOPEDIE","url":"https:\/\/hub.ortopedie.md\/","logo":{"@type":"ImageObject","inLanguage":"en-US","@id":"https:\/\/hub.ortopedie.md\/#\/schema\/logo\/image\/","url":"https:\/\/hub.ortopedie.md\/wp-content\/uploads\/2018\/01\/hub-logo.png","contentUrl":"https:\/\/hub.ortopedie.md\/wp-content\/uploads\/2018\/01\/hub-logo.png","width":124,"height":90,"caption":"HUB ORTOPEDIE"},"image":{"@id":"https:\/\/hub.ortopedie.md\/#\/schema\/logo\/image\/"},"sameAs":["https:\/\/www.facebook.com\/ORTOPEDIE.MD\/","https:\/\/www.instagram.com\/hub_ortopedie\/"]}]},"product_price_amount":"11000.00","product_price_currency":"MDL","og_availability":"instock","product_availability":"instock","product_condition":"new"},"jetpack_sharing_enabled":true,"brands":[{"id":272,"name":"Akces Med","slug":"akces-med"}],"_links":{"self":[{"href":"https:\/\/hub.ortopedie.md\/en\/wp-json\/wp\/v2\/product\/6955","targetHints":{"allow":["GET"]}}],"collection":[{"href":"https:\/\/hub.ortopedie.md\/en\/wp-json\/wp\/v2\/product"}],"about":[{"href":"https:\/\/hub.ortopedie.md\/en\/wp-json\/wp\/v2\/types\/product"}],"wp:featuredmedia":[{"embeddable":true,"href":"https:\/\/hub.ortopedie.md\/en\/wp-json\/wp\/v2\/media\/6945"}],"wp:attachment":[{"href":"https:\/\/hub.ortopedie.md\/en\/wp-json\/wp\/v2\/media?parent=6955"}],"wp:term":[{"taxonomy":"pwb-brand","embeddable":true,"href":"https:\/\/hub.ortopedie.md\/en\/wp-json\/wp\/v2\/pwb-brand?post=6955"},{"taxonomy":"product_brand","embeddable":true,"href":"https:\/\/hub.ortopedie.md\/en\/wp-json\/wp\/v2\/product_brand?post=6955"},{"taxonomy":"product_cat","embeddable":true,"href":"https:\/\/hub.ortopedie.md\/en\/wp-json\/wp\/v2\/product_cat?post=6955"},{"taxonomy":"product_tag","embeddable":true,"href":"https:\/\/hub.ortopedie.md\/en\/wp-json\/wp\/v2\/product_tag?post=6955"}],"curies":[{"name":"wp","href":"https:\/\/api.w.org\/{rel}","templated":true}]}}