{"id":6959,"date":"2020-05-01T08:48:56","date_gmt":"2020-05-01T08:48:56","guid":{"rendered":"https:\/\/hub.ortopedie.md\/shop\/scaun-de-baie-aquolito\/"},"modified":"2025-03-29T11:02:22","modified_gmt":"2025-03-29T09:02:22","slug":"scaun-de-baie-aquolito","status":"publish","type":"product","link":"https:\/\/hub.ortopedie.md\/en\/shop\/scaun-de-baie-aquolito\/","title":{"rendered":"Scaun de baie AQUOLITO"},"content":{"rendered":"<p>Scaunul de baie AQUOLITO \u2122 este o solu\u021bie simpl\u0103 \u0219i inovatoare care ajut\u0103 la \u00eengrijirea persoanelor cu dizabilit\u0103\u021bi.<\/p>\n<p>Scaunul este format dintr-un cadru din aluminiu acoperit de material protejat de ap\u0103. p\u0103r\u021bile care contacteaz\u0103 cu cada sunt acoperite cu \u00eenveli\u0219 moale, pentru a nu deteriora cada sau piscina. Designul unic al cadrului v\u0103 permite s\u0103 regla\u021bi unghiul suportului \u0219i sp\u0103tarului, precum \u0219i \u00een\u0103l\u021bimea, unghiul scaunului. Acest lucru v\u0103 permite s\u0103 adapta\u021bi optim scaunul la nevoile pacientului. Tapi\u021beria este realizat\u0103 dintr-o \u021bes\u0103tur\u0103 rezistent\u0103 la ap\u0103. Este dotat cu suport cap, curele de fixare pentru siguran\u021ba copilului.<\/p>\n<p>\u00cen func\u021bie de dimensiune, scaunul are diferite tapi\u021berii \u0219i culori de cadru.<\/p>\n<p><img decoding=\"async\" class=\"alignnone wp-image-6934 size-fusion-600\" src=\"https:\/\/hub.ortopedie.md\/wp-content\/uploads\/2020\/05\/AKVOLITO-Adjustments-940x349-1-600x223.jpg\" alt=\"\" width=\"600\" height=\"223\" srcset=\"https:\/\/hub.ortopedie.md\/wp-content\/uploads\/2020\/05\/AKVOLITO-Adjustments-940x349-1-200x74.jpg 200w, https:\/\/hub.ortopedie.md\/wp-content\/uploads\/2020\/05\/AKVOLITO-Adjustments-940x349-1-300x111.jpg 300w, https:\/\/hub.ortopedie.md\/wp-content\/uploads\/2020\/05\/AKVOLITO-Adjustments-940x349-1-400x149.jpg 400w, https:\/\/hub.ortopedie.md\/wp-content\/uploads\/2020\/05\/AKVOLITO-Adjustments-940x349-1-500x186.jpg 500w, https:\/\/hub.ortopedie.md\/wp-content\/uploads\/2020\/05\/AKVOLITO-Adjustments-940x349-1-600x223.jpg 600w, https:\/\/hub.ortopedie.md\/wp-content\/uploads\/2020\/05\/AKVOLITO-Adjustments-940x349-1-700x260.jpg 700w, https:\/\/hub.ortopedie.md\/wp-content\/uploads\/2020\/05\/AKVOLITO-Adjustments-940x349-1-768x285.jpg 768w, https:\/\/hub.ortopedie.md\/wp-content\/uploads\/2020\/05\/AKVOLITO-Adjustments-940x349-1-800x297.jpg 800w, https:\/\/hub.ortopedie.md\/wp-content\/uploads\/2020\/05\/AKVOLITO-Adjustments-940x349-1.jpg 940w\" sizes=\"(max-width: 600px) 100vw, 600px\" \/><\/p>\n<h2>INDICATII<\/h2>\n<p>Recomandat copiilor, adolescen\u021bilor \u0219i adul\u021bilor cu un diagnostic de:<\/p>\n<ul>\n<li>Degenerarea, deformarea membrelor sau deteriorarea articula\u021biilor;<\/li>\n<li>hemiplegie;<\/li>\n<li>Paraplegie (de obicei membre inferioare)<\/li>\n<li>Parez\u0103 bilateral\u0103<\/li>\n<li>Quadriplegia, tetrapareza (care acoper\u0103 \u00eentregul corp: cap, trunchi \u0219i membre).<\/li>\n<\/ul>\n<p><img decoding=\"async\" class=\"alignnone wp-image-6938 size-fusion-600\" src=\"https:\/\/hub.ortopedie.md\/wp-content\/uploads\/2020\/05\/pomiar-akvolio-600x349.png\" alt=\"\" width=\"600\" height=\"349\" srcset=\"https:\/\/hub.ortopedie.md\/wp-content\/uploads\/2020\/05\/pomiar-akvolio-200x116.png 200w, https:\/\/hub.ortopedie.md\/wp-content\/uploads\/2020\/05\/pomiar-akvolio-300x175.png 300w, https:\/\/hub.ortopedie.md\/wp-content\/uploads\/2020\/05\/pomiar-akvolio-400x233.png 400w, https:\/\/hub.ortopedie.md\/wp-content\/uploads\/2020\/05\/pomiar-akvolio-500x291.png 500w, https:\/\/hub.ortopedie.md\/wp-content\/uploads\/2020\/05\/pomiar-akvolio-600x349.png 600w, https:\/\/hub.ortopedie.md\/wp-content\/uploads\/2020\/05\/pomiar-akvolio-700x408.png 700w, https:\/\/hub.ortopedie.md\/wp-content\/uploads\/2020\/05\/pomiar-akvolio-768x447.png 768w, https:\/\/hub.ortopedie.md\/wp-content\/uploads\/2020\/05\/pomiar-akvolio-800x466.png 800w, https:\/\/hub.ortopedie.md\/wp-content\/uploads\/2020\/05\/pomiar-akvolio.png 900w\" sizes=\"(max-width: 600px) 100vw, 600px\" \/><\/p>\n<p>&nbsp;<\/p>\n<p><img decoding=\"async\" class=\"alignnone wp-image-6936 size-fusion-600\" src=\"https:\/\/hub.ortopedie.md\/wp-content\/uploads\/2020\/05\/akvolito-baby-600x321.png\" alt=\"\" width=\"600\" height=\"321\" srcset=\"https:\/\/hub.ortopedie.md\/wp-content\/uploads\/2020\/05\/akvolito-baby-200x107.png 200w, https:\/\/hub.ortopedie.md\/wp-content\/uploads\/2020\/05\/akvolito-baby-300x161.png 300w, https:\/\/hub.ortopedie.md\/wp-content\/uploads\/2020\/05\/akvolito-baby-400x214.png 400w, https:\/\/hub.ortopedie.md\/wp-content\/uploads\/2020\/05\/akvolito-baby-500x268.png 500w, https:\/\/hub.ortopedie.md\/wp-content\/uploads\/2020\/05\/akvolito-baby-600x321.png 600w, https:\/\/hub.ortopedie.md\/wp-content\/uploads\/2020\/05\/akvolito-baby-700x375.png 700w, https:\/\/hub.ortopedie.md\/wp-content\/uploads\/2020\/05\/akvolito-baby-768x411.png 768w, https:\/\/hub.ortopedie.md\/wp-content\/uploads\/2020\/05\/akvolito-baby-800x428.png 800w, https:\/\/hub.ortopedie.md\/wp-content\/uploads\/2020\/05\/akvolito-baby.png 846w\" sizes=\"(max-width: 600px) 100vw, 600px\" \/><\/p>\n<table>\n<tbody>\n<tr>\n<th>Simbol<\/th>\n<th>Masura<\/th>\n<th>Un.<\/th>\n<th>M\u0103rime Baby<\/th>\n<th>M\u0103rime 0<\/th>\n<th>M\u0103rime 1<\/th>\n<th>M\u0103rime 2<\/th>\n<th>M\u0103rime 3<\/th>\n<th>M\u0103rime 4<\/th>\n<\/tr>\n<tr>\n<td>A<\/td>\n<td>L\u0103\u021bimea spatelui<\/td>\n<td>[cm]<\/td>\n<td>35<\/td>\n<td>35<\/td>\n<td>40<\/td>\n<td>40<\/td>\n<td>45<\/td>\n<td>50<\/td>\n<\/tr>\n<tr>\n<td>B<\/td>\n<td>Ad\u00e2ncimea scaunului<\/td>\n<td>[cm]<\/td>\n<td>\u2014<\/td>\n<td>22<\/td>\n<td>25<\/td>\n<td>28<\/td>\n<td>33<\/td>\n<td>35<\/td>\n<\/tr>\n<tr>\n<td>C<\/td>\n<td>\u00cen\u0103l\u021bimea tetierei<\/td>\n<td>[cm]<\/td>\n<td>\u2014<\/td>\n<td>19<\/td>\n<td>22<\/td>\n<td>26<\/td>\n<td>30<\/td>\n<td>33<\/td>\n<\/tr>\n<tr>\n<td>C<sub>1<\/sub><\/td>\n<td>\u00cen\u0103l\u021bimea spatelui<\/td>\n<td>[cm]<\/td>\n<td>\u2014<\/td>\n<td>28<\/td>\n<td>33<\/td>\n<td>37<\/td>\n<td>43<\/td>\n<td>50<\/td>\n<\/tr>\n<tr>\n<td>C<sub>2<\/sub><\/td>\n<td>\u00cen\u0103l\u021bimea suportului de picoare<\/td>\n<td>[cm]<\/td>\n<td>\u2014<\/td>\n<td>24<\/td>\n<td>28<\/td>\n<td>31<\/td>\n<td>36<\/td>\n<td>41<\/td>\n<\/tr>\n<tr>\n<td>B+C<sub>2<\/sub><\/td>\n<td>ad\u00e2ncimea scaunului cu suport pentru picioare<\/td>\n<td>[cm]<\/td>\n<td>41<\/td>\n<td>46<\/td>\n<td>53<\/td>\n<td>59<\/td>\n<td>69<\/td>\n<td>79<\/td>\n<\/tr>\n<tr>\n<td>C+C<sub>1<\/sub><\/td>\n<td>\u00cen\u0103l\u021bimea spatelui<\/td>\n<td>[cm]<\/td>\n<td>41<\/td>\n<td>47<\/td>\n<td>55<\/td>\n<td>63<\/td>\n<td>73<\/td>\n<td>83<\/td>\n<\/tr>\n<tr>\n<td>Z<\/td>\n<td>Unghiul suportului pentru picioare (\u00een raport cu scaunul)<\/td>\n<td>[\u00b0]<\/td>\n<td>\u2014<\/td>\n<td>90 \u2014 180<\/td>\n<td>90 \u2014 180<\/td>\n<td>90 \u2014 180<\/td>\n<td>90 \u2014 180<\/td>\n<td>90 \u2014 180<\/td>\n<\/tr>\n<tr>\n<td>Z<sub>1<\/sub><\/td>\n<td>Unghiul spate (\u00een raport cu scaunul)<\/td>\n<td>[\u00b0]<\/td>\n<td>90 \u2014 180<\/td>\n<td>90 \u2014 180<\/td>\n<td>90 \u2014 180<\/td>\n<td>90 \u2014 180<\/td>\n<td>90 \u2014 180<\/td>\n<td>90 \u2014 180<\/td>\n<\/tr>\n<tr>\n<td>Z<sub>2<\/sub><\/td>\n<td>Unghiul tetierei (\u00een raport cu spatele)<\/td>\n<td>[\u00b0]<\/td>\n<td>\u2014<\/td>\n<td>144 \u2014 234<\/td>\n<td>144 \u2014 234<\/td>\n<td>144 \u2014 234<\/td>\n<td>144 \u2014 234<\/td>\n<td>144 \u2014 234<\/td>\n<\/tr>\n<tr>\n<td><\/td>\n<td>Max. greutatea pacientului<\/td>\n<td>[kg]<\/td>\n<td>25<\/td>\n<td>25<\/td>\n<td>30<\/td>\n<td>30<\/td>\n<td>45<\/td>\n<td>60<\/td>\n<\/tr>\n<tr>\n<td>\u00a0W<\/td>\n<td>cre\u0219tere indicativ\u0103 a pacientului *<\/td>\n<td>[cm]<\/td>\n<td>55 \u2014 75<\/td>\n<td>&lt; 80<\/td>\n<td>&lt; 90<\/td>\n<td>&lt; 100<\/td>\n<td>&lt; 120<\/td>\n<td>&lt; 160<\/td>\n<\/tr>\n<\/tbody>\n<\/table>\n<p>ATEN\u021aIE: toleran\u021ba dimensiunilor indicate \u00een tabel este de +\/- 1 cm.<\/p>\n","protected":false},"excerpt":{"rendered":"<p>Scaunul de baie AQUOLITO \u2122 este o solu\u021bie simpl\u0103 \u0219i  [&#8230;]<\/p>\n","protected":false},"featured_media":6933,"template":"","meta":[],"pwb-brand":[272],"product_brand":[],"product_cat":[36],"product_tag":[],"class_list":{"0":"post-6959","1":"product","2":"type-product","3":"status-publish","4":"has-post-thumbnail","6":"pwb-brand-akces-med","7":"product_cat-ingrijire-la-domiciliu","9":"first","10":"instock","11":"shipping-taxable","12":"purchasable","13":"product-type-simple"},"yoast_head":"<!-- This site is optimized with the Yoast SEO Premium plugin v18.3 (Yoast SEO v27.4) - https:\/\/yoast.com\/product\/yoast-seo-premium-wordpress\/ -->\n<title>Scaun de baie AQUOLITO - HUB Ortopedie<\/title>\n<meta name=\"robots\" content=\"index, follow, max-snippet:-1, max-image-preview:large, max-video-preview:-1\" \/>\n<link rel=\"canonical\" href=\"https:\/\/hub.ortopedie.md\/en\/shop\/scaun-de-baie-aquolito\/\" \/>\n<meta property=\"og:locale\" content=\"en_US\" \/>\n<meta property=\"og:type\" content=\"article\" \/>\n<meta property=\"og:title\" content=\"Scaun de baie AQUOLITO\" \/>\n<meta property=\"og:description\" content=\"Scaunul de baie AQUOLITO \u2122 este o solu\u021bie simpl\u0103 \u0219i [...]\" \/>\n<meta property=\"og:url\" content=\"https:\/\/hub.ortopedie.md\/shop\/scaun-de-baie-aquolito\/\" \/>\n<meta property=\"og:site_name\" content=\"Hub Ortopedie - Magazin ortopedic. \u041e\u0440\u0442\u043e\u043f\u0435\u0434\u0438\u0447\u0435\u0441\u043a\u0438\u0439 \u043c\u0430\u0433\u0430\u0437\u0438\u043d\" \/>\n<meta property=\"article:publisher\" content=\"https:\/\/www.facebook.com\/ORTOPEDIE.MD\/\" \/>\n<meta property=\"article:modified_time\" content=\"2025-03-29T09:02:22+00:00\" \/>\n<meta property=\"og:image\" content=\"https:\/\/hub.ortopedie.md\/wp-content\/uploads\/2020\/05\/1000-380x380-1.png\" \/>\n\t<meta property=\"og:image:width\" content=\"601\" \/>\n\t<meta property=\"og:image:height\" content=\"602\" \/>\n\t<meta property=\"og:image:type\" content=\"image\/png\" \/>\n<meta name=\"twitter:label1\" content=\"Price\" \/>\n\t<meta name=\"twitter:data1\" content=\"10,500.00&nbsp;MDL\" \/>\n\t<meta name=\"twitter:label2\" content=\"Availability\" \/>\n\t<meta name=\"twitter:data2\" content=\"In stock\" \/>\n<script type=\"application\/ld+json\" class=\"yoast-schema-graph\">{\"@context\":\"https:\\\/\\\/schema.org\",\"@graph\":[{\"@type\":\"WebPage\",\"@id\":\"https:\\\/\\\/hub.ortopedie.md\\\/shop\\\/scaun-de-baie-aquolito\\\/\",\"url\":\"https:\\\/\\\/hub.ortopedie.md\\\/shop\\\/scaun-de-baie-aquolito\\\/\",\"name\":\"Scaun de baie AQUOLITO - HUB Ortopedie\",\"isPartOf\":{\"@id\":\"https:\\\/\\\/hub.ortopedie.md\\\/#website\"},\"primaryImageOfPage\":{\"@id\":\"https:\\\/\\\/hub.ortopedie.md\\\/shop\\\/scaun-de-baie-aquolito\\\/#primaryimage\"},\"image\":{\"@id\":\"https:\\\/\\\/hub.ortopedie.md\\\/shop\\\/scaun-de-baie-aquolito\\\/#primaryimage\"},\"thumbnailUrl\":\"https:\\\/\\\/hub.ortopedie.md\\\/wp-content\\\/uploads\\\/2020\\\/05\\\/1000-380x380-1.png\",\"datePublished\":\"2020-05-01T08:48:56+00:00\",\"dateModified\":\"2025-03-29T09:02:22+00:00\",\"breadcrumb\":{\"@id\":\"https:\\\/\\\/hub.ortopedie.md\\\/shop\\\/scaun-de-baie-aquolito\\\/#breadcrumb\"},\"inLanguage\":\"en-US\",\"potentialAction\":[{\"@type\":\"ReadAction\",\"target\":[\"https:\\\/\\\/hub.ortopedie.md\\\/shop\\\/scaun-de-baie-aquolito\\\/\"]}]},{\"@type\":\"ImageObject\",\"inLanguage\":\"en-US\",\"@id\":\"https:\\\/\\\/hub.ortopedie.md\\\/shop\\\/scaun-de-baie-aquolito\\\/#primaryimage\",\"url\":\"https:\\\/\\\/hub.ortopedie.md\\\/wp-content\\\/uploads\\\/2020\\\/05\\\/1000-380x380-1.png\",\"contentUrl\":\"https:\\\/\\\/hub.ortopedie.md\\\/wp-content\\\/uploads\\\/2020\\\/05\\\/1000-380x380-1.png\",\"width\":601,\"height\":602},{\"@type\":\"BreadcrumbList\",\"@id\":\"https:\\\/\\\/hub.ortopedie.md\\\/shop\\\/scaun-de-baie-aquolito\\\/#breadcrumb\",\"itemListElement\":[{\"@type\":\"ListItem\",\"position\":1,\"name\":\"Prima pagin\u0103\",\"item\":\"https:\\\/\\\/hub.ortopedie.md\\\/en\\\/\"},{\"@type\":\"ListItem\",\"position\":2,\"name\":\"Produse\",\"item\":\"https:\\\/\\\/hub.ortopedie.md\\\/shop\\\/\"},{\"@type\":\"ListItem\",\"position\":3,\"name\":\"Scaun de baie AQUOLITO\"}]},{\"@type\":\"WebSite\",\"@id\":\"https:\\\/\\\/hub.ortopedie.md\\\/#website\",\"url\":\"https:\\\/\\\/hub.ortopedie.md\\\/\",\"name\":\"Hub Ortopedie - Magazin ortopedic. \u041e\u0440\u0442\u043e\u043f\u0435\u0434\u0438\u0447\u0435\u0441\u043a\u0438\u0439 \u043c\u0430\u0433\u0430\u0437\u0438\u043d\",\"description\":\"S\u0103n\u0103tate, confort, calitate\",\"publisher\":{\"@id\":\"https:\\\/\\\/hub.ortopedie.md\\\/#organization\"},\"potentialAction\":[{\"@type\":\"SearchAction\",\"target\":{\"@type\":\"EntryPoint\",\"urlTemplate\":\"https:\\\/\\\/hub.ortopedie.md\\\/?s={search_term_string}\"},\"query-input\":{\"@type\":\"PropertyValueSpecification\",\"valueRequired\":true,\"valueName\":\"search_term_string\"}}],\"inLanguage\":\"en-US\"},{\"@type\":\"Organization\",\"@id\":\"https:\\\/\\\/hub.ortopedie.md\\\/#organization\",\"name\":\"HUB ORTOPEDIE\",\"url\":\"https:\\\/\\\/hub.ortopedie.md\\\/\",\"logo\":{\"@type\":\"ImageObject\",\"inLanguage\":\"en-US\",\"@id\":\"https:\\\/\\\/hub.ortopedie.md\\\/#\\\/schema\\\/logo\\\/image\\\/\",\"url\":\"https:\\\/\\\/hub.ortopedie.md\\\/wp-content\\\/uploads\\\/2018\\\/01\\\/hub-logo.png\",\"contentUrl\":\"https:\\\/\\\/hub.ortopedie.md\\\/wp-content\\\/uploads\\\/2018\\\/01\\\/hub-logo.png\",\"width\":124,\"height\":90,\"caption\":\"HUB ORTOPEDIE\"},\"image\":{\"@id\":\"https:\\\/\\\/hub.ortopedie.md\\\/#\\\/schema\\\/logo\\\/image\\\/\"},\"sameAs\":[\"https:\\\/\\\/www.facebook.com\\\/ORTOPEDIE.MD\\\/\",\"https:\\\/\\\/www.instagram.com\\\/hub_ortopedie\\\/\"]}]}<\/script>\n<meta property=\"product:price:amount\" content=\"10500.00\" \/>\n<meta property=\"product:price:currency\" content=\"MDL\" \/>\n<meta property=\"og:availability\" content=\"instock\" \/>\n<meta property=\"product:availability\" content=\"instock\" \/>\n<meta property=\"product:condition\" content=\"new\" \/>\n<!-- \/ Yoast SEO Premium plugin. -->","yoast_head_json":{"title":"Scaun de baie AQUOLITO - HUB Ortopedie","robots":{"index":"index","follow":"follow","max-snippet":"max-snippet:-1","max-image-preview":"max-image-preview:large","max-video-preview":"max-video-preview:-1"},"canonical":"https:\/\/hub.ortopedie.md\/en\/shop\/scaun-de-baie-aquolito\/","og_locale":"en_US","og_type":"article","og_title":"Scaun de baie AQUOLITO","og_description":"Scaunul de baie AQUOLITO \u2122 este o solu\u021bie simpl\u0103 \u0219i [...]","og_url":"https:\/\/hub.ortopedie.md\/shop\/scaun-de-baie-aquolito\/","og_site_name":"Hub Ortopedie - Magazin ortopedic. \u041e\u0440\u0442\u043e\u043f\u0435\u0434\u0438\u0447\u0435\u0441\u043a\u0438\u0439 \u043c\u0430\u0433\u0430\u0437\u0438\u043d","article_publisher":"https:\/\/www.facebook.com\/ORTOPEDIE.MD\/","article_modified_time":"2025-03-29T09:02:22+00:00","og_image":[{"width":601,"height":602,"url":"https:\/\/hub.ortopedie.md\/wp-content\/uploads\/2020\/05\/1000-380x380-1.png","type":"image\/png"}],"twitter_misc":{"Price":"10,500.00&nbsp;MDL","Availability":"In stock"},"schema":{"@context":"https:\/\/schema.org","@graph":[{"@type":"WebPage","@id":"https:\/\/hub.ortopedie.md\/shop\/scaun-de-baie-aquolito\/","url":"https:\/\/hub.ortopedie.md\/shop\/scaun-de-baie-aquolito\/","name":"Scaun de baie AQUOLITO - HUB Ortopedie","isPartOf":{"@id":"https:\/\/hub.ortopedie.md\/#website"},"primaryImageOfPage":{"@id":"https:\/\/hub.ortopedie.md\/shop\/scaun-de-baie-aquolito\/#primaryimage"},"image":{"@id":"https:\/\/hub.ortopedie.md\/shop\/scaun-de-baie-aquolito\/#primaryimage"},"thumbnailUrl":"https:\/\/hub.ortopedie.md\/wp-content\/uploads\/2020\/05\/1000-380x380-1.png","datePublished":"2020-05-01T08:48:56+00:00","dateModified":"2025-03-29T09:02:22+00:00","breadcrumb":{"@id":"https:\/\/hub.ortopedie.md\/shop\/scaun-de-baie-aquolito\/#breadcrumb"},"inLanguage":"en-US","potentialAction":[{"@type":"ReadAction","target":["https:\/\/hub.ortopedie.md\/shop\/scaun-de-baie-aquolito\/"]}]},{"@type":"ImageObject","inLanguage":"en-US","@id":"https:\/\/hub.ortopedie.md\/shop\/scaun-de-baie-aquolito\/#primaryimage","url":"https:\/\/hub.ortopedie.md\/wp-content\/uploads\/2020\/05\/1000-380x380-1.png","contentUrl":"https:\/\/hub.ortopedie.md\/wp-content\/uploads\/2020\/05\/1000-380x380-1.png","width":601,"height":602},{"@type":"BreadcrumbList","@id":"https:\/\/hub.ortopedie.md\/shop\/scaun-de-baie-aquolito\/#breadcrumb","itemListElement":[{"@type":"ListItem","position":1,"name":"Prima pagin\u0103","item":"https:\/\/hub.ortopedie.md\/en\/"},{"@type":"ListItem","position":2,"name":"Produse","item":"https:\/\/hub.ortopedie.md\/shop\/"},{"@type":"ListItem","position":3,"name":"Scaun de baie AQUOLITO"}]},{"@type":"WebSite","@id":"https:\/\/hub.ortopedie.md\/#website","url":"https:\/\/hub.ortopedie.md\/","name":"Hub Ortopedie - Magazin ortopedic. \u041e\u0440\u0442\u043e\u043f\u0435\u0434\u0438\u0447\u0435\u0441\u043a\u0438\u0439 \u043c\u0430\u0433\u0430\u0437\u0438\u043d","description":"S\u0103n\u0103tate, confort, calitate","publisher":{"@id":"https:\/\/hub.ortopedie.md\/#organization"},"potentialAction":[{"@type":"SearchAction","target":{"@type":"EntryPoint","urlTemplate":"https:\/\/hub.ortopedie.md\/?s={search_term_string}"},"query-input":{"@type":"PropertyValueSpecification","valueRequired":true,"valueName":"search_term_string"}}],"inLanguage":"en-US"},{"@type":"Organization","@id":"https:\/\/hub.ortopedie.md\/#organization","name":"HUB ORTOPEDIE","url":"https:\/\/hub.ortopedie.md\/","logo":{"@type":"ImageObject","inLanguage":"en-US","@id":"https:\/\/hub.ortopedie.md\/#\/schema\/logo\/image\/","url":"https:\/\/hub.ortopedie.md\/wp-content\/uploads\/2018\/01\/hub-logo.png","contentUrl":"https:\/\/hub.ortopedie.md\/wp-content\/uploads\/2018\/01\/hub-logo.png","width":124,"height":90,"caption":"HUB ORTOPEDIE"},"image":{"@id":"https:\/\/hub.ortopedie.md\/#\/schema\/logo\/image\/"},"sameAs":["https:\/\/www.facebook.com\/ORTOPEDIE.MD\/","https:\/\/www.instagram.com\/hub_ortopedie\/"]}]},"product_price_amount":"10500.00","product_price_currency":"MDL","og_availability":"instock","product_availability":"instock","product_condition":"new"},"jetpack_sharing_enabled":true,"brands":[{"id":272,"name":"Akces Med","slug":"akces-med"}],"_links":{"self":[{"href":"https:\/\/hub.ortopedie.md\/en\/wp-json\/wp\/v2\/product\/6959","targetHints":{"allow":["GET"]}}],"collection":[{"href":"https:\/\/hub.ortopedie.md\/en\/wp-json\/wp\/v2\/product"}],"about":[{"href":"https:\/\/hub.ortopedie.md\/en\/wp-json\/wp\/v2\/types\/product"}],"wp:featuredmedia":[{"embeddable":true,"href":"https:\/\/hub.ortopedie.md\/en\/wp-json\/wp\/v2\/media\/6933"}],"wp:attachment":[{"href":"https:\/\/hub.ortopedie.md\/en\/wp-json\/wp\/v2\/media?parent=6959"}],"wp:term":[{"taxonomy":"pwb-brand","embeddable":true,"href":"https:\/\/hub.ortopedie.md\/en\/wp-json\/wp\/v2\/pwb-brand?post=6959"},{"taxonomy":"product_brand","embeddable":true,"href":"https:\/\/hub.ortopedie.md\/en\/wp-json\/wp\/v2\/product_brand?post=6959"},{"taxonomy":"product_cat","embeddable":true,"href":"https:\/\/hub.ortopedie.md\/en\/wp-json\/wp\/v2\/product_cat?post=6959"},{"taxonomy":"product_tag","embeddable":true,"href":"https:\/\/hub.ortopedie.md\/en\/wp-json\/wp\/v2\/product_tag?post=6959"}],"curies":[{"name":"wp","href":"https:\/\/api.w.org\/{rel}","templated":true}]}}