{"id":6960,"date":"2020-04-30T20:54:51","date_gmt":"2020-05-03T11:20:50","guid":{"rendered":"https:\/\/hub.ortopedie.md\/shop\/scaun-de-reabilitare-zebra-invento\/"},"modified":"2024-12-24T11:15:17","modified_gmt":"2024-12-24T09:15:17","slug":"scaun-de-reabilitare-zebra-invento","status":"publish","type":"product","link":"https:\/\/hub.ortopedie.md\/en\/shop\/scaun-de-reabilitare-zebra-invento\/","title":{"rendered":"Scaun de reabilitare ZEBRA INVENTO"},"content":{"rendered":"<p>Scaunul de reabilitare ZEBRA INVENTO \u2122 este noua versiune \u00eembun\u0103t\u0103\u021bit\u0103 a scaunului ZEBRA \u2122. \u00cen aceast\u0103 versiune a scaunului este sistem de activare pneumatic\u0103 pentru a regla unghiul de \u00eenclinare a spetezei, astfel se realizeaz\u0103 tranzi\u021bia \u00eentre o pozi\u021bie \u0219ez\u00e2nd\u0103 \u0219i una \u00eenclinat\u0103. Acum trebuie doar s\u0103 ap\u0103sa\u021bi pedala din spatele cadrului scaunului, pentru a seta u\u0219or \u0219i rapid scaunul \u00een unghiul drept. Acest lucru cre\u0219te mult confortul copilului c\u00e2t \u0219i a p\u0103rintelui.<br \/>\nScaunul de reabilitare ZEBRA INVENTO \u2122 este destinat copiilor \u0219i adolescen\u021bilor cu deficien\u021be ale sistemului locomotor care nu au \u00eenv\u0103\u021bat s\u0103 stea sau care au dificult\u0103\u021bi semnificative \u00een adoptarea unei pozi\u021bii de \u0219ezut. Este potrivit pentru reabilitarea copiilor cu tonus muscular redus, precum \u0219i copiilor cu spasticitate semnificativ\u0103. Scaunul va fi util pentru boli ortopedice sau dup\u0103 opera\u021bii chirurgicale la copii cu cerin\u021ba unei reduceri pe termen lung a \u00eenc\u0103rc\u0103turii pe una sau ambele membre inferioare. \u00cembun\u0103t\u0103\u021be\u0219te confortul vie\u021bii de zi cu zi a copilului \u0219i a familiei sale. Produsul este realizat din lemn ecologic, materiale sigure, iar colorarea este complet realizat\u0103 manual.sunt accesibile accesorii pentru stabilizarea \u0219i fixarea copilului.<\/p>\n<h2>INDICA\u021aII<\/h2>\n<p>Recomandat copiilor cu un diagnostic de:<\/p>\n<ul>\n<li>Paralizie cerebrala de diferite tipuri<\/li>\n<li>Deteriorarea creierului \u0219i m\u0103duvei spin\u0103rii de diferite origini cu paralizia membrelor, pierderea sever\u0103 a echilibrului \u0219i coordonarea mi\u0219c\u0103rilor<\/li>\n<li>Boli demielinizante (scleroz\u0103 multipl\u0103, scleroz\u0103 lateral\u0103 amiotrofic\u0103 \u0219i altele)<\/li>\n<li>Hernie craniocerebral\u0103<\/li>\n<li>Boli musculare cu paralizie concomitent\u0103 \u0219i parez\u0103 (distrofie, miastenie gravis, miozit\u0103).<\/li>\n<li>Boli genetice cu paralizie a membrelor<\/li>\n<li>Boli degenerative \u0219i neurologice<\/li>\n<li>Alte boli cu paralizie concomitent\u0103, parez\u0103, deteriorarea aparatului locomotor<\/li>\n<li>Dup\u0103 leziuni traumatice ale creierului sau leziuni ale coloanei vertebrale cu leziuni ale m\u0103duvei spin\u0103rii \u0219i paralizie concomitent\u0103 sau parez\u0103<\/li>\n<\/ul>\n<p><img decoding=\"async\" class=\"alignnone wp-image-6902 size-fusion-600\" src=\"https:\/\/hub.ortopedie.md\/wp-content\/uploads\/2020\/04\/zebra-grafika-do-tabeli-rozmiarowej-600x279.jpg\" alt=\"\" width=\"600\" height=\"279\" srcset=\"https:\/\/hub.ortopedie.md\/wp-content\/uploads\/2020\/04\/zebra-grafika-do-tabeli-rozmiarowej-200x93.jpg 200w, https:\/\/hub.ortopedie.md\/wp-content\/uploads\/2020\/04\/zebra-grafika-do-tabeli-rozmiarowej-300x139.jpg 300w, https:\/\/hub.ortopedie.md\/wp-content\/uploads\/2020\/04\/zebra-grafika-do-tabeli-rozmiarowej-400x186.jpg 400w, https:\/\/hub.ortopedie.md\/wp-content\/uploads\/2020\/04\/zebra-grafika-do-tabeli-rozmiarowej-500x232.jpg 500w, https:\/\/hub.ortopedie.md\/wp-content\/uploads\/2020\/04\/zebra-grafika-do-tabeli-rozmiarowej-600x279.jpg 600w, https:\/\/hub.ortopedie.md\/wp-content\/uploads\/2020\/04\/zebra-grafika-do-tabeli-rozmiarowej-700x325.jpg 700w, https:\/\/hub.ortopedie.md\/wp-content\/uploads\/2020\/04\/zebra-grafika-do-tabeli-rozmiarowej-768x357.jpg 768w, https:\/\/hub.ortopedie.md\/wp-content\/uploads\/2020\/04\/zebra-grafika-do-tabeli-rozmiarowej-800x372.jpg 800w, https:\/\/hub.ortopedie.md\/wp-content\/uploads\/2020\/04\/zebra-grafika-do-tabeli-rozmiarowej.jpg 930w\" sizes=\"(max-width: 600px) 100vw, 600px\" \/><\/p>\n<div class=\"spacer\">\n<table>\n<tbody>\n<tr>\n<th>Simbol<\/th>\n<th>Masura<\/th>\n<th>Un.<\/th>\n<th>Marimea 1<\/th>\n<th>Marimea 2<\/th>\n<th>Marimea 3**<\/th>\n<\/tr>\n<tr>\n<td><strong>W<\/strong><\/td>\n<td>\u00cen\u0103l\u021bimea aproximativ\u0103 a pacientului *<\/td>\n<td><strong>[cm]<\/strong><\/td>\n<td><strong>70 \u2014 100<\/strong><\/td>\n<td><strong>80 \u2014 130<\/strong><\/td>\n<td><strong>90 \u2014 150<\/strong><\/td>\n<\/tr>\n<tr>\n<td><strong>A<\/strong><\/td>\n<td>L\u0103\u021bimea scaunului<\/td>\n<td><strong>[cm]<\/strong><\/td>\n<td><strong>34<\/strong><\/td>\n<td><strong>37<\/strong><\/td>\n<td><strong>50<\/strong><\/td>\n<\/tr>\n<tr>\n<td><strong>L<\/strong><\/td>\n<td>Ad\u00e2ncimea scaunului<\/td>\n<td><strong>[cm]<\/strong><\/td>\n<td><strong>16 \u2014 25<\/strong><\/td>\n<td><strong>21 \u2014 34<\/strong><\/td>\n<td><strong>24\u00a0\u2014 42<\/strong><\/td>\n<\/tr>\n<tr>\n<td><strong>C<\/strong><\/td>\n<td>\u00cen\u0103l\u021bimea spatelui cu suportul pentru cap<\/td>\n<td><strong>[cm]<\/strong><\/td>\n<td><strong>37 \u2014 52<\/strong><\/td>\n<td><strong>42 \u2014 57<\/strong><\/td>\n<td><strong>49 \u2014 64<\/strong><\/td>\n<\/tr>\n<tr>\n<td><strong>C<sub>1<\/sub><\/strong><\/td>\n<td>\u00cen\u0103l\u021bimea sp\u0103tarului f\u0103r\u0103 tetier\u0103<\/td>\n<td><strong>[cm]<\/strong><\/td>\n<td><strong>28<\/strong><\/td>\n<td><strong>33<\/strong><\/td>\n<td><strong>43<\/strong><\/td>\n<\/tr>\n<tr>\n<td><strong>E<\/strong><\/td>\n<td>L\u0103\u021bimea spatelui<\/td>\n<td><strong>[cm]<\/strong><\/td>\n<td><strong>14 \u2014 23<\/strong><\/td>\n<td><strong>18 \u2014 27<\/strong><\/td>\n<td><strong>22 \u2014 38<\/strong><\/td>\n<\/tr>\n<tr>\n<td><strong>F<\/strong><\/td>\n<td>Lungimea piciorului c\u0103lc\u00e2i-genunchi<\/td>\n<td><strong>[cm]<\/strong><\/td>\n<td><strong>15 \u2014 34,5<\/strong><\/td>\n<td><strong>15 \u2014 35<\/strong><\/td>\n<td><strong>15 \u2014 45<\/strong><\/td>\n<\/tr>\n<tr>\n<td>L<sub>1<\/sub><\/td>\n<td>Ad\u00e2ncimea scaunului<\/td>\n<td>[cm]<\/td>\n<td>4 \u2014 18<\/td>\n<td>7 \u2014 25<\/td>\n<td>7 \u2014 30<\/td>\n<\/tr>\n<tr>\n<td><\/td>\n<td>Lungimea piciorului<\/td>\n<td>[cm]<\/td>\n<td>19<\/td>\n<td>22<\/td>\n<td>25<\/td>\n<\/tr>\n<tr>\n<td><\/td>\n<td>Unghiul scaunului<\/td>\n<td>[\u00b0]<\/td>\n<td>-25 \u2014 +20<\/td>\n<td>-25 \u2014 +20<\/td>\n<td>-25 \u2014 +20<\/td>\n<\/tr>\n<tr>\n<td><\/td>\n<td>Unghiul sp\u0103tarului<\/td>\n<td>[\u00b0]<\/td>\n<td>90 \u2014 180<\/td>\n<td>90 \u2014 180<\/td>\n<td>90 \u2014 180<\/td>\n<\/tr>\n<tr>\n<td><\/td>\n<td>Unghiul piciorului<\/td>\n<td>[\u00b0]<\/td>\n<td>90 \u2014 180<\/td>\n<td>90 \u2014 180<\/td>\n<td>90 \u2014 180<\/td>\n<\/tr>\n<tr>\n<td><\/td>\n<td>Max. greutatea pacientului<\/td>\n<td>[kg]<\/td>\n<td>25<\/td>\n<td>45<\/td>\n<td>60<\/td>\n<\/tr>\n<\/tbody>\n<\/table>\n<\/div>\n<p>ATEN\u021aIE: toleran\u021ba dimensiunilor indicate \u00een tabel este de +\/- 1 cm.<\/p>\n","protected":false},"excerpt":{"rendered":"<p>Scaunul de reabilitare ZEBRA INVENTO \u2122 este noua versiune \u00eembun\u0103t\u0103\u021bit\u0103  [&#8230;]<\/p>\n","protected":false},"featured_media":6901,"template":"","meta":[],"pwb-brand":[272],"product_brand":[],"product_cat":[35,98],"product_tag":[],"class_list":{"0":"post-6960","1":"product","2":"type-product","3":"status-publish","4":"has-post-thumbnail","6":"pwb-brand-akces-med","7":"product_cat-dispozitive-de-mers-si-verticalizare","8":"product_cat-verticalizatoare","10":"first","11":"instock","12":"shipping-taxable","13":"purchasable","14":"product-type-simple"},"yoast_head":"<!-- This site is optimized with the Yoast SEO Premium plugin v18.3 (Yoast SEO v27.4) - https:\/\/yoast.com\/product\/yoast-seo-premium-wordpress\/ -->\n<title>Scaun de reabilitare ZEBRA INVENTO - HUB Ortopedie<\/title>\n<meta name=\"robots\" content=\"index, follow, max-snippet:-1, max-image-preview:large, max-video-preview:-1\" \/>\n<link rel=\"canonical\" href=\"https:\/\/hub.ortopedie.md\/en\/shop\/scaun-de-reabilitare-zebra-invento\/\" \/>\n<meta property=\"og:locale\" content=\"en_US\" \/>\n<meta property=\"og:type\" content=\"article\" \/>\n<meta property=\"og:title\" content=\"Scaun de reabilitare ZEBRA INVENTO\" \/>\n<meta property=\"og:description\" content=\"Scaunul de reabilitare ZEBRA INVENTO \u2122 este noua versiune \u00eembun\u0103t\u0103\u021bit\u0103 [...]\" \/>\n<meta property=\"og:url\" content=\"https:\/\/hub.ortopedie.md\/shop\/scaun-de-reabilitare-zebra-invento\/\" \/>\n<meta property=\"og:site_name\" content=\"Hub Ortopedie - Magazin ortopedic. \u041e\u0440\u0442\u043e\u043f\u0435\u0434\u0438\u0447\u0435\u0441\u043a\u0438\u0439 \u043c\u0430\u0433\u0430\u0437\u0438\u043d\" \/>\n<meta property=\"article:publisher\" content=\"https:\/\/www.facebook.com\/ORTOPEDIE.MD\/\" \/>\n<meta property=\"article:modified_time\" content=\"2024-12-24T09:15:17+00:00\" \/>\n<meta property=\"og:image\" content=\"https:\/\/hub.ortopedie.md\/wp-content\/uploads\/2020\/04\/zebra-invento-zalety.jpg\" \/>\n\t<meta property=\"og:image:width\" content=\"600\" \/>\n\t<meta property=\"og:image:height\" content=\"604\" \/>\n\t<meta property=\"og:image:type\" content=\"image\/jpeg\" \/>\n<meta name=\"twitter:label1\" content=\"Price\" \/>\n\t<meta name=\"twitter:data1\" content=\"42,000.00&nbsp;MDL\" \/>\n\t<meta name=\"twitter:label2\" content=\"Availability\" \/>\n\t<meta name=\"twitter:data2\" content=\"In stock\" \/>\n<script type=\"application\/ld+json\" class=\"yoast-schema-graph\">{\"@context\":\"https:\\\/\\\/schema.org\",\"@graph\":[{\"@type\":\"WebPage\",\"@id\":\"https:\\\/\\\/hub.ortopedie.md\\\/shop\\\/scaun-de-reabilitare-zebra-invento\\\/\",\"url\":\"https:\\\/\\\/hub.ortopedie.md\\\/shop\\\/scaun-de-reabilitare-zebra-invento\\\/\",\"name\":\"Scaun de reabilitare ZEBRA INVENTO - HUB Ortopedie\",\"isPartOf\":{\"@id\":\"https:\\\/\\\/hub.ortopedie.md\\\/#website\"},\"primaryImageOfPage\":{\"@id\":\"https:\\\/\\\/hub.ortopedie.md\\\/shop\\\/scaun-de-reabilitare-zebra-invento\\\/#primaryimage\"},\"image\":{\"@id\":\"https:\\\/\\\/hub.ortopedie.md\\\/shop\\\/scaun-de-reabilitare-zebra-invento\\\/#primaryimage\"},\"thumbnailUrl\":\"https:\\\/\\\/hub.ortopedie.md\\\/wp-content\\\/uploads\\\/2020\\\/04\\\/zebra-invento-zalety.jpg\",\"datePublished\":\"2020-05-03T11:20:50+00:00\",\"dateModified\":\"2024-12-24T09:15:17+00:00\",\"breadcrumb\":{\"@id\":\"https:\\\/\\\/hub.ortopedie.md\\\/shop\\\/scaun-de-reabilitare-zebra-invento\\\/#breadcrumb\"},\"inLanguage\":\"en-US\",\"potentialAction\":[{\"@type\":\"ReadAction\",\"target\":[\"https:\\\/\\\/hub.ortopedie.md\\\/shop\\\/scaun-de-reabilitare-zebra-invento\\\/\"]}]},{\"@type\":\"ImageObject\",\"inLanguage\":\"en-US\",\"@id\":\"https:\\\/\\\/hub.ortopedie.md\\\/shop\\\/scaun-de-reabilitare-zebra-invento\\\/#primaryimage\",\"url\":\"https:\\\/\\\/hub.ortopedie.md\\\/wp-content\\\/uploads\\\/2020\\\/04\\\/zebra-invento-zalety.jpg\",\"contentUrl\":\"https:\\\/\\\/hub.ortopedie.md\\\/wp-content\\\/uploads\\\/2020\\\/04\\\/zebra-invento-zalety.jpg\",\"width\":600,\"height\":604,\"caption\":\"Verticalizator copii\"},{\"@type\":\"BreadcrumbList\",\"@id\":\"https:\\\/\\\/hub.ortopedie.md\\\/shop\\\/scaun-de-reabilitare-zebra-invento\\\/#breadcrumb\",\"itemListElement\":[{\"@type\":\"ListItem\",\"position\":1,\"name\":\"Prima pagin\u0103\",\"item\":\"https:\\\/\\\/hub.ortopedie.md\\\/en\\\/\"},{\"@type\":\"ListItem\",\"position\":2,\"name\":\"Produse\",\"item\":\"https:\\\/\\\/hub.ortopedie.md\\\/shop\\\/\"},{\"@type\":\"ListItem\",\"position\":3,\"name\":\"Scaun de reabilitare ZEBRA INVENTO\"}]},{\"@type\":\"WebSite\",\"@id\":\"https:\\\/\\\/hub.ortopedie.md\\\/#website\",\"url\":\"https:\\\/\\\/hub.ortopedie.md\\\/\",\"name\":\"Hub Ortopedie - Magazin ortopedic. \u041e\u0440\u0442\u043e\u043f\u0435\u0434\u0438\u0447\u0435\u0441\u043a\u0438\u0439 \u043c\u0430\u0433\u0430\u0437\u0438\u043d\",\"description\":\"S\u0103n\u0103tate, confort, calitate\",\"publisher\":{\"@id\":\"https:\\\/\\\/hub.ortopedie.md\\\/#organization\"},\"potentialAction\":[{\"@type\":\"SearchAction\",\"target\":{\"@type\":\"EntryPoint\",\"urlTemplate\":\"https:\\\/\\\/hub.ortopedie.md\\\/?s={search_term_string}\"},\"query-input\":{\"@type\":\"PropertyValueSpecification\",\"valueRequired\":true,\"valueName\":\"search_term_string\"}}],\"inLanguage\":\"en-US\"},{\"@type\":\"Organization\",\"@id\":\"https:\\\/\\\/hub.ortopedie.md\\\/#organization\",\"name\":\"HUB ORTOPEDIE\",\"url\":\"https:\\\/\\\/hub.ortopedie.md\\\/\",\"logo\":{\"@type\":\"ImageObject\",\"inLanguage\":\"en-US\",\"@id\":\"https:\\\/\\\/hub.ortopedie.md\\\/#\\\/schema\\\/logo\\\/image\\\/\",\"url\":\"https:\\\/\\\/hub.ortopedie.md\\\/wp-content\\\/uploads\\\/2018\\\/01\\\/hub-logo.png\",\"contentUrl\":\"https:\\\/\\\/hub.ortopedie.md\\\/wp-content\\\/uploads\\\/2018\\\/01\\\/hub-logo.png\",\"width\":124,\"height\":90,\"caption\":\"HUB ORTOPEDIE\"},\"image\":{\"@id\":\"https:\\\/\\\/hub.ortopedie.md\\\/#\\\/schema\\\/logo\\\/image\\\/\"},\"sameAs\":[\"https:\\\/\\\/www.facebook.com\\\/ORTOPEDIE.MD\\\/\",\"https:\\\/\\\/www.instagram.com\\\/hub_ortopedie\\\/\"]}]}<\/script>\n<meta property=\"product:price:amount\" content=\"42000.00\" \/>\n<meta property=\"product:price:currency\" content=\"MDL\" \/>\n<meta property=\"og:availability\" content=\"instock\" \/>\n<meta property=\"product:availability\" content=\"instock\" \/>\n<meta property=\"product:condition\" content=\"new\" \/>\n<!-- \/ Yoast SEO Premium plugin. -->","yoast_head_json":{"title":"Scaun de reabilitare ZEBRA INVENTO - HUB Ortopedie","robots":{"index":"index","follow":"follow","max-snippet":"max-snippet:-1","max-image-preview":"max-image-preview:large","max-video-preview":"max-video-preview:-1"},"canonical":"https:\/\/hub.ortopedie.md\/en\/shop\/scaun-de-reabilitare-zebra-invento\/","og_locale":"en_US","og_type":"article","og_title":"Scaun de reabilitare ZEBRA INVENTO","og_description":"Scaunul de reabilitare ZEBRA INVENTO \u2122 este noua versiune \u00eembun\u0103t\u0103\u021bit\u0103 [...]","og_url":"https:\/\/hub.ortopedie.md\/shop\/scaun-de-reabilitare-zebra-invento\/","og_site_name":"Hub Ortopedie - Magazin ortopedic. \u041e\u0440\u0442\u043e\u043f\u0435\u0434\u0438\u0447\u0435\u0441\u043a\u0438\u0439 \u043c\u0430\u0433\u0430\u0437\u0438\u043d","article_publisher":"https:\/\/www.facebook.com\/ORTOPEDIE.MD\/","article_modified_time":"2024-12-24T09:15:17+00:00","og_image":[{"width":600,"height":604,"url":"https:\/\/hub.ortopedie.md\/wp-content\/uploads\/2020\/04\/zebra-invento-zalety.jpg","type":"image\/jpeg"}],"twitter_misc":{"Price":"42,000.00&nbsp;MDL","Availability":"In stock"},"schema":{"@context":"https:\/\/schema.org","@graph":[{"@type":"WebPage","@id":"https:\/\/hub.ortopedie.md\/shop\/scaun-de-reabilitare-zebra-invento\/","url":"https:\/\/hub.ortopedie.md\/shop\/scaun-de-reabilitare-zebra-invento\/","name":"Scaun de reabilitare ZEBRA INVENTO - HUB Ortopedie","isPartOf":{"@id":"https:\/\/hub.ortopedie.md\/#website"},"primaryImageOfPage":{"@id":"https:\/\/hub.ortopedie.md\/shop\/scaun-de-reabilitare-zebra-invento\/#primaryimage"},"image":{"@id":"https:\/\/hub.ortopedie.md\/shop\/scaun-de-reabilitare-zebra-invento\/#primaryimage"},"thumbnailUrl":"https:\/\/hub.ortopedie.md\/wp-content\/uploads\/2020\/04\/zebra-invento-zalety.jpg","datePublished":"2020-05-03T11:20:50+00:00","dateModified":"2024-12-24T09:15:17+00:00","breadcrumb":{"@id":"https:\/\/hub.ortopedie.md\/shop\/scaun-de-reabilitare-zebra-invento\/#breadcrumb"},"inLanguage":"en-US","potentialAction":[{"@type":"ReadAction","target":["https:\/\/hub.ortopedie.md\/shop\/scaun-de-reabilitare-zebra-invento\/"]}]},{"@type":"ImageObject","inLanguage":"en-US","@id":"https:\/\/hub.ortopedie.md\/shop\/scaun-de-reabilitare-zebra-invento\/#primaryimage","url":"https:\/\/hub.ortopedie.md\/wp-content\/uploads\/2020\/04\/zebra-invento-zalety.jpg","contentUrl":"https:\/\/hub.ortopedie.md\/wp-content\/uploads\/2020\/04\/zebra-invento-zalety.jpg","width":600,"height":604,"caption":"Verticalizator copii"},{"@type":"BreadcrumbList","@id":"https:\/\/hub.ortopedie.md\/shop\/scaun-de-reabilitare-zebra-invento\/#breadcrumb","itemListElement":[{"@type":"ListItem","position":1,"name":"Prima pagin\u0103","item":"https:\/\/hub.ortopedie.md\/en\/"},{"@type":"ListItem","position":2,"name":"Produse","item":"https:\/\/hub.ortopedie.md\/shop\/"},{"@type":"ListItem","position":3,"name":"Scaun de reabilitare ZEBRA INVENTO"}]},{"@type":"WebSite","@id":"https:\/\/hub.ortopedie.md\/#website","url":"https:\/\/hub.ortopedie.md\/","name":"Hub Ortopedie - Magazin ortopedic. \u041e\u0440\u0442\u043e\u043f\u0435\u0434\u0438\u0447\u0435\u0441\u043a\u0438\u0439 \u043c\u0430\u0433\u0430\u0437\u0438\u043d","description":"S\u0103n\u0103tate, confort, calitate","publisher":{"@id":"https:\/\/hub.ortopedie.md\/#organization"},"potentialAction":[{"@type":"SearchAction","target":{"@type":"EntryPoint","urlTemplate":"https:\/\/hub.ortopedie.md\/?s={search_term_string}"},"query-input":{"@type":"PropertyValueSpecification","valueRequired":true,"valueName":"search_term_string"}}],"inLanguage":"en-US"},{"@type":"Organization","@id":"https:\/\/hub.ortopedie.md\/#organization","name":"HUB ORTOPEDIE","url":"https:\/\/hub.ortopedie.md\/","logo":{"@type":"ImageObject","inLanguage":"en-US","@id":"https:\/\/hub.ortopedie.md\/#\/schema\/logo\/image\/","url":"https:\/\/hub.ortopedie.md\/wp-content\/uploads\/2018\/01\/hub-logo.png","contentUrl":"https:\/\/hub.ortopedie.md\/wp-content\/uploads\/2018\/01\/hub-logo.png","width":124,"height":90,"caption":"HUB ORTOPEDIE"},"image":{"@id":"https:\/\/hub.ortopedie.md\/#\/schema\/logo\/image\/"},"sameAs":["https:\/\/www.facebook.com\/ORTOPEDIE.MD\/","https:\/\/www.instagram.com\/hub_ortopedie\/"]}]},"product_price_amount":"42000.00","product_price_currency":"MDL","og_availability":"instock","product_availability":"instock","product_condition":"new"},"jetpack_sharing_enabled":true,"brands":[{"id":272,"name":"Akces Med","slug":"akces-med"}],"_links":{"self":[{"href":"https:\/\/hub.ortopedie.md\/en\/wp-json\/wp\/v2\/product\/6960","targetHints":{"allow":["GET"]}}],"collection":[{"href":"https:\/\/hub.ortopedie.md\/en\/wp-json\/wp\/v2\/product"}],"about":[{"href":"https:\/\/hub.ortopedie.md\/en\/wp-json\/wp\/v2\/types\/product"}],"wp:featuredmedia":[{"embeddable":true,"href":"https:\/\/hub.ortopedie.md\/en\/wp-json\/wp\/v2\/media\/6901"}],"wp:attachment":[{"href":"https:\/\/hub.ortopedie.md\/en\/wp-json\/wp\/v2\/media?parent=6960"}],"wp:term":[{"taxonomy":"pwb-brand","embeddable":true,"href":"https:\/\/hub.ortopedie.md\/en\/wp-json\/wp\/v2\/pwb-brand?post=6960"},{"taxonomy":"product_brand","embeddable":true,"href":"https:\/\/hub.ortopedie.md\/en\/wp-json\/wp\/v2\/product_brand?post=6960"},{"taxonomy":"product_cat","embeddable":true,"href":"https:\/\/hub.ortopedie.md\/en\/wp-json\/wp\/v2\/product_cat?post=6960"},{"taxonomy":"product_tag","embeddable":true,"href":"https:\/\/hub.ortopedie.md\/en\/wp-json\/wp\/v2\/product_tag?post=6960"}],"curies":[{"name":"wp","href":"https:\/\/api.w.org\/{rel}","templated":true}]}}