{"id":6962,"date":"2020-04-30T21:01:11","date_gmt":"2020-04-30T21:01:11","guid":{"rendered":"https:\/\/hub.ortopedie.md\/shop\/scaun-de-reabilitare-nuk\/"},"modified":"2023-08-03T10:48:58","modified_gmt":"2023-08-03T10:48:58","slug":"scaun-de-reabilitare-nuk","status":"publish","type":"product","link":"https:\/\/hub.ortopedie.md\/en\/shop\/scaun-de-reabilitare-nuk\/","title":{"rendered":"Scaun de reabilitare NUK"},"content":{"rendered":"<p>Scaunul de col\u021b NUK \u2122 ajut\u0103 copiii \u0219i adolescen\u021bii s\u0103 stea a\u0219eza\u021bi. IMPORTANT utilizarea scaunului contribuie la pozi\u021bionarea corect\u0103 a \u0219oldurilor. Este recomandat ca primul scaun terapeutic pentru reabilitare la copii. Curelele de fixare la nivelul \u0219oldurilor, pieptului \u0219i capului dau siguran\u021b\u0103 maxim\u0103 \u0219i realizeaz\u0103 pozi\u021bia corect\u0103. Datorit\u0103 mecanismului adaptabil, putem spune c\u0103 scaunul cre\u0219te odat\u0103 cu copilul.<br \/>\nScaunul NUK \u2122 este disponibil la dimensiuni universale, fiind ideal pentru copii \u0219i tineri de la 6 luni la 12 ani.<br \/>\nConstruc\u021bia u\u0219oar\u0103 \u0219i dimensiunile mici, permit mutarea \u0219i plasarea lui \u00een orice loc.<\/p>\n<h2>INDICA\u021aII<\/h2>\n<p>Recomandat copiilor cu un diagnostic de:<\/p>\n<ul>\n<li>Paralizie cerebrala &#8211; diverse forme.<\/li>\n<li>Spina bifida.<\/li>\n<li>Patologii ale creierului \u0219i m\u0103duvei spin\u0103rii &#8211; de diverselor etiologii.<\/li>\n<li>Boli ale mu\u0219chilor care se manifest\u0103 cu parez\u0103 sau paralizie.<\/li>\n<li>Sindroame genetice cu pareza membrelor.<\/li>\n<li>Alte boli \u00eenso\u021bite de parez\u0103, paralizie, afectarea sistemului musculo-scheletic.<\/li>\n<li>Dup\u0103 o leziune cranio-cerebral\u0103, leziunea coloanei vertebrale cu leziuni ale m\u0103duvei spin\u0103rii \u0219i extremit\u0103\u021bilor inferioare.<\/li>\n<\/ul>\n<p><img decoding=\"async\" class=\"alignnone wp-image-6902 size-fusion-600\" src=\"https:\/\/hub.ortopedie.md\/wp-content\/uploads\/2020\/04\/zebra-grafika-do-tabeli-rozmiarowej-600x279.jpg\" alt=\"\" width=\"600\" height=\"279\" srcset=\"https:\/\/hub.ortopedie.md\/wp-content\/uploads\/2020\/04\/zebra-grafika-do-tabeli-rozmiarowej-200x93.jpg 200w, https:\/\/hub.ortopedie.md\/wp-content\/uploads\/2020\/04\/zebra-grafika-do-tabeli-rozmiarowej-300x139.jpg 300w, https:\/\/hub.ortopedie.md\/wp-content\/uploads\/2020\/04\/zebra-grafika-do-tabeli-rozmiarowej-400x186.jpg 400w, https:\/\/hub.ortopedie.md\/wp-content\/uploads\/2020\/04\/zebra-grafika-do-tabeli-rozmiarowej-500x232.jpg 500w, https:\/\/hub.ortopedie.md\/wp-content\/uploads\/2020\/04\/zebra-grafika-do-tabeli-rozmiarowej-600x279.jpg 600w, https:\/\/hub.ortopedie.md\/wp-content\/uploads\/2020\/04\/zebra-grafika-do-tabeli-rozmiarowej-700x325.jpg 700w, https:\/\/hub.ortopedie.md\/wp-content\/uploads\/2020\/04\/zebra-grafika-do-tabeli-rozmiarowej-768x357.jpg 768w, https:\/\/hub.ortopedie.md\/wp-content\/uploads\/2020\/04\/zebra-grafika-do-tabeli-rozmiarowej-800x372.jpg 800w, https:\/\/hub.ortopedie.md\/wp-content\/uploads\/2020\/04\/zebra-grafika-do-tabeli-rozmiarowej.jpg 930w\" sizes=\"(max-width: 600px) 100vw, 600px\" \/><\/p>\n<div class=\"spacer\">\n<table border=\"0\" width=\"940\">\n<tbody>\n<tr>\n<th width=\"48\">Simbol<\/th>\n<th width=\"196\">M\u0103sur\u0103ri<\/th>\n<th width=\"165\">UN.<\/th>\n<th width=\"167\">M\u0103rime<\/th>\n<\/tr>\n<tr>\n<td><strong>W<\/strong><\/td>\n<td>\u00cen\u0103l\u021bimea aproximativ\u0103 a pacientului *<\/td>\n<td><strong>[\u0441\u043c]<\/strong><\/td>\n<td><strong>&lt; 150<\/strong><\/td>\n<\/tr>\n<tr>\n<td><strong>A<\/strong><\/td>\n<td>L\u0103\u021bimea scaunului<\/td>\n<td><strong>\u00a0[\u0441\u043c]<\/strong><\/td>\n<td><strong>54<\/strong><\/td>\n<\/tr>\n<tr>\n<td><strong>L<\/strong><\/td>\n<td>Distan\u021ba genunchi-bazin<\/td>\n<td><strong>\u00a0[\u0441\u043c]<\/strong><\/td>\n<td><strong>27,5\/31<\/strong><\/td>\n<\/tr>\n<tr>\n<td><strong>C<\/strong><\/td>\n<td>\u00cen\u0103l\u021bimea spatelui<\/td>\n<td><strong>\u00a0[\u0441\u043c]<\/strong><\/td>\n<td><strong>35 \u2014 44<\/strong><\/td>\n<\/tr>\n<tr>\n<td><strong>E<\/strong><\/td>\n<td>L\u0103\u021bimea toracelui<\/td>\n<td><strong>\u00a0[\u0441\u043c]<\/strong><\/td>\n<td><strong><b>40<\/b><\/strong><\/td>\n<\/tr>\n<tr>\n<td>E<sub>1<\/sub><\/td>\n<td>L\u0103\u021bimea pieptului<\/td>\n<td>\u00a0[\u0441\u043c]<\/td>\n<td>28<\/td>\n<\/tr>\n<tr>\n<td>L<sub>1<\/sub><\/td>\n<td>Ad\u00e2ncimea scaunului p\u00e2n\u0103<\/td>\n<td>\u00a0[\u0441\u043c]<\/td>\n<td>11 \u2014 21<\/td>\n<\/tr>\n<tr>\n<td><\/td>\n<td>Greutatea max a utilizatorului<\/td>\n<td>\u00a0[\u043a\u0433]<\/td>\n<td>35<\/td>\n<\/tr>\n<\/tbody>\n<\/table>\n<\/div>\n<p>ATEN\u021aIE: toleran\u021ba dimensiunilor indicate \u00een tabel este de +\/- 1 cm.<\/p>\n","protected":false},"excerpt":{"rendered":"<p>Scaunul de col\u021b NUK \u2122 ajut\u0103 copiii \u0219i adolescen\u021bii s\u0103  [&#8230;]<\/p>\n","protected":false},"featured_media":6906,"template":"","meta":[],"pwb-brand":[272],"product_brand":[],"product_cat":[35,97],"product_tag":[],"class_list":{"0":"post-6962","1":"product","2":"type-product","3":"status-publish","4":"has-post-thumbnail","6":"pwb-brand-akces-med","7":"product_cat-dispozitive-de-mers-si-verticalizare","8":"product_cat-scaune-rulante","10":"first","11":"instock","12":"shipping-taxable","13":"product-type-simple"},"yoast_head":"<!-- This site is optimized with the Yoast SEO Premium plugin v18.3 (Yoast SEO v27.4) - https:\/\/yoast.com\/product\/yoast-seo-premium-wordpress\/ -->\n<title>Scaun de reabilitare NUK - HUB Ortopedie<\/title>\n<meta name=\"robots\" content=\"index, follow, max-snippet:-1, max-image-preview:large, max-video-preview:-1\" \/>\n<link rel=\"canonical\" href=\"https:\/\/hub.ortopedie.md\/en\/shop\/scaun-de-reabilitare-nuk\/\" \/>\n<meta property=\"og:locale\" content=\"en_US\" \/>\n<meta property=\"og:type\" content=\"article\" \/>\n<meta property=\"og:title\" content=\"Scaun de reabilitare NUK\" \/>\n<meta property=\"og:description\" content=\"Scaunul de col\u021b NUK \u2122 ajut\u0103 copiii \u0219i adolescen\u021bii s\u0103 [...]\" \/>\n<meta property=\"og:url\" content=\"https:\/\/hub.ortopedie.md\/en\/shop\/scaun-de-reabilitare-nuk\/\" \/>\n<meta property=\"og:site_name\" content=\"Hub Ortopedie - Magazin ortopedic. \u041e\u0440\u0442\u043e\u043f\u0435\u0434\u0438\u0447\u0435\u0441\u043a\u0438\u0439 \u043c\u0430\u0433\u0430\u0437\u0438\u043d\" \/>\n<meta property=\"article:publisher\" content=\"https:\/\/www.facebook.com\/ORTOPEDIE.MD\/\" \/>\n<meta property=\"article:modified_time\" content=\"2023-08-03T10:48:58+00:00\" \/>\n<meta property=\"og:image\" content=\"https:\/\/hub.ortopedie.md\/wp-content\/uploads\/2020\/04\/nook-2.jpg\" \/>\n\t<meta property=\"og:image:width\" content=\"1250\" \/>\n\t<meta property=\"og:image:height\" content=\"1250\" \/>\n\t<meta property=\"og:image:type\" content=\"image\/jpeg\" \/>\n<meta name=\"twitter:label1\" content=\"Price\" \/>\n\t<meta name=\"twitter:data1\" content=\"\" \/>\n\t<meta name=\"twitter:label2\" content=\"Availability\" \/>\n\t<meta name=\"twitter:data2\" content=\"In stock\" \/>\n<script type=\"application\/ld+json\" class=\"yoast-schema-graph\">{\"@context\":\"https:\\\/\\\/schema.org\",\"@graph\":[{\"@type\":\"WebPage\",\"@id\":\"https:\\\/\\\/hub.ortopedie.md\\\/en\\\/shop\\\/scaun-de-reabilitare-nuk\\\/\",\"url\":\"https:\\\/\\\/hub.ortopedie.md\\\/en\\\/shop\\\/scaun-de-reabilitare-nuk\\\/\",\"name\":\"Scaun de reabilitare NUK - HUB Ortopedie\",\"isPartOf\":{\"@id\":\"https:\\\/\\\/hub.ortopedie.md\\\/#website\"},\"primaryImageOfPage\":{\"@id\":\"https:\\\/\\\/hub.ortopedie.md\\\/en\\\/shop\\\/scaun-de-reabilitare-nuk\\\/#primaryimage\"},\"image\":{\"@id\":\"https:\\\/\\\/hub.ortopedie.md\\\/en\\\/shop\\\/scaun-de-reabilitare-nuk\\\/#primaryimage\"},\"thumbnailUrl\":\"https:\\\/\\\/hub.ortopedie.md\\\/wp-content\\\/uploads\\\/2020\\\/04\\\/nook-2.jpg\",\"datePublished\":\"2020-04-30T21:01:11+00:00\",\"dateModified\":\"2023-08-03T10:48:58+00:00\",\"breadcrumb\":{\"@id\":\"https:\\\/\\\/hub.ortopedie.md\\\/en\\\/shop\\\/scaun-de-reabilitare-nuk\\\/#breadcrumb\"},\"inLanguage\":\"en-US\",\"potentialAction\":[{\"@type\":\"ReadAction\",\"target\":[\"https:\\\/\\\/hub.ortopedie.md\\\/en\\\/shop\\\/scaun-de-reabilitare-nuk\\\/\"]}]},{\"@type\":\"ImageObject\",\"inLanguage\":\"en-US\",\"@id\":\"https:\\\/\\\/hub.ortopedie.md\\\/en\\\/shop\\\/scaun-de-reabilitare-nuk\\\/#primaryimage\",\"url\":\"https:\\\/\\\/hub.ortopedie.md\\\/wp-content\\\/uploads\\\/2020\\\/04\\\/nook-2.jpg\",\"contentUrl\":\"https:\\\/\\\/hub.ortopedie.md\\\/wp-content\\\/uploads\\\/2020\\\/04\\\/nook-2.jpg\",\"width\":1250,\"height\":1250},{\"@type\":\"BreadcrumbList\",\"@id\":\"https:\\\/\\\/hub.ortopedie.md\\\/en\\\/shop\\\/scaun-de-reabilitare-nuk\\\/#breadcrumb\",\"itemListElement\":[{\"@type\":\"ListItem\",\"position\":1,\"name\":\"Prima pagin\u0103\",\"item\":\"https:\\\/\\\/hub.ortopedie.md\\\/en\\\/\"},{\"@type\":\"ListItem\",\"position\":2,\"name\":\"Produse\",\"item\":\"https:\\\/\\\/hub.ortopedie.md\\\/shop\\\/\"},{\"@type\":\"ListItem\",\"position\":3,\"name\":\"Scaun de reabilitare NUK\"}]},{\"@type\":\"WebSite\",\"@id\":\"https:\\\/\\\/hub.ortopedie.md\\\/#website\",\"url\":\"https:\\\/\\\/hub.ortopedie.md\\\/\",\"name\":\"Hub Ortopedie - Magazin ortopedic. \u041e\u0440\u0442\u043e\u043f\u0435\u0434\u0438\u0447\u0435\u0441\u043a\u0438\u0439 \u043c\u0430\u0433\u0430\u0437\u0438\u043d\",\"description\":\"S\u0103n\u0103tate, confort, calitate\",\"publisher\":{\"@id\":\"https:\\\/\\\/hub.ortopedie.md\\\/#organization\"},\"potentialAction\":[{\"@type\":\"SearchAction\",\"target\":{\"@type\":\"EntryPoint\",\"urlTemplate\":\"https:\\\/\\\/hub.ortopedie.md\\\/?s={search_term_string}\"},\"query-input\":{\"@type\":\"PropertyValueSpecification\",\"valueRequired\":true,\"valueName\":\"search_term_string\"}}],\"inLanguage\":\"en-US\"},{\"@type\":\"Organization\",\"@id\":\"https:\\\/\\\/hub.ortopedie.md\\\/#organization\",\"name\":\"HUB ORTOPEDIE\",\"url\":\"https:\\\/\\\/hub.ortopedie.md\\\/\",\"logo\":{\"@type\":\"ImageObject\",\"inLanguage\":\"en-US\",\"@id\":\"https:\\\/\\\/hub.ortopedie.md\\\/#\\\/schema\\\/logo\\\/image\\\/\",\"url\":\"https:\\\/\\\/hub.ortopedie.md\\\/wp-content\\\/uploads\\\/2018\\\/01\\\/hub-logo.png\",\"contentUrl\":\"https:\\\/\\\/hub.ortopedie.md\\\/wp-content\\\/uploads\\\/2018\\\/01\\\/hub-logo.png\",\"width\":124,\"height\":90,\"caption\":\"HUB ORTOPEDIE\"},\"image\":{\"@id\":\"https:\\\/\\\/hub.ortopedie.md\\\/#\\\/schema\\\/logo\\\/image\\\/\"},\"sameAs\":[\"https:\\\/\\\/www.facebook.com\\\/ORTOPEDIE.MD\\\/\",\"https:\\\/\\\/www.instagram.com\\\/hub_ortopedie\\\/\"]}]}<\/script>\n<meta property=\"product:price:currency\" content=\"MDL\" \/>\n<meta property=\"og:availability\" content=\"instock\" \/>\n<meta property=\"product:availability\" content=\"instock\" \/>\n<meta property=\"product:condition\" content=\"new\" \/>\n<!-- \/ Yoast SEO Premium plugin. -->","yoast_head_json":{"title":"Scaun de reabilitare NUK - HUB Ortopedie","robots":{"index":"index","follow":"follow","max-snippet":"max-snippet:-1","max-image-preview":"max-image-preview:large","max-video-preview":"max-video-preview:-1"},"canonical":"https:\/\/hub.ortopedie.md\/en\/shop\/scaun-de-reabilitare-nuk\/","og_locale":"en_US","og_type":"article","og_title":"Scaun de reabilitare NUK","og_description":"Scaunul de col\u021b NUK \u2122 ajut\u0103 copiii \u0219i adolescen\u021bii s\u0103 [...]","og_url":"https:\/\/hub.ortopedie.md\/en\/shop\/scaun-de-reabilitare-nuk\/","og_site_name":"Hub Ortopedie - Magazin ortopedic. \u041e\u0440\u0442\u043e\u043f\u0435\u0434\u0438\u0447\u0435\u0441\u043a\u0438\u0439 \u043c\u0430\u0433\u0430\u0437\u0438\u043d","article_publisher":"https:\/\/www.facebook.com\/ORTOPEDIE.MD\/","article_modified_time":"2023-08-03T10:48:58+00:00","og_image":[{"width":1250,"height":1250,"url":"https:\/\/hub.ortopedie.md\/wp-content\/uploads\/2020\/04\/nook-2.jpg","type":"image\/jpeg"}],"twitter_misc":{"Price":"","Availability":"In stock"},"schema":{"@context":"https:\/\/schema.org","@graph":[{"@type":"WebPage","@id":"https:\/\/hub.ortopedie.md\/en\/shop\/scaun-de-reabilitare-nuk\/","url":"https:\/\/hub.ortopedie.md\/en\/shop\/scaun-de-reabilitare-nuk\/","name":"Scaun de reabilitare NUK - HUB Ortopedie","isPartOf":{"@id":"https:\/\/hub.ortopedie.md\/#website"},"primaryImageOfPage":{"@id":"https:\/\/hub.ortopedie.md\/en\/shop\/scaun-de-reabilitare-nuk\/#primaryimage"},"image":{"@id":"https:\/\/hub.ortopedie.md\/en\/shop\/scaun-de-reabilitare-nuk\/#primaryimage"},"thumbnailUrl":"https:\/\/hub.ortopedie.md\/wp-content\/uploads\/2020\/04\/nook-2.jpg","datePublished":"2020-04-30T21:01:11+00:00","dateModified":"2023-08-03T10:48:58+00:00","breadcrumb":{"@id":"https:\/\/hub.ortopedie.md\/en\/shop\/scaun-de-reabilitare-nuk\/#breadcrumb"},"inLanguage":"en-US","potentialAction":[{"@type":"ReadAction","target":["https:\/\/hub.ortopedie.md\/en\/shop\/scaun-de-reabilitare-nuk\/"]}]},{"@type":"ImageObject","inLanguage":"en-US","@id":"https:\/\/hub.ortopedie.md\/en\/shop\/scaun-de-reabilitare-nuk\/#primaryimage","url":"https:\/\/hub.ortopedie.md\/wp-content\/uploads\/2020\/04\/nook-2.jpg","contentUrl":"https:\/\/hub.ortopedie.md\/wp-content\/uploads\/2020\/04\/nook-2.jpg","width":1250,"height":1250},{"@type":"BreadcrumbList","@id":"https:\/\/hub.ortopedie.md\/en\/shop\/scaun-de-reabilitare-nuk\/#breadcrumb","itemListElement":[{"@type":"ListItem","position":1,"name":"Prima pagin\u0103","item":"https:\/\/hub.ortopedie.md\/en\/"},{"@type":"ListItem","position":2,"name":"Produse","item":"https:\/\/hub.ortopedie.md\/shop\/"},{"@type":"ListItem","position":3,"name":"Scaun de reabilitare NUK"}]},{"@type":"WebSite","@id":"https:\/\/hub.ortopedie.md\/#website","url":"https:\/\/hub.ortopedie.md\/","name":"Hub Ortopedie - Magazin ortopedic. \u041e\u0440\u0442\u043e\u043f\u0435\u0434\u0438\u0447\u0435\u0441\u043a\u0438\u0439 \u043c\u0430\u0433\u0430\u0437\u0438\u043d","description":"S\u0103n\u0103tate, confort, calitate","publisher":{"@id":"https:\/\/hub.ortopedie.md\/#organization"},"potentialAction":[{"@type":"SearchAction","target":{"@type":"EntryPoint","urlTemplate":"https:\/\/hub.ortopedie.md\/?s={search_term_string}"},"query-input":{"@type":"PropertyValueSpecification","valueRequired":true,"valueName":"search_term_string"}}],"inLanguage":"en-US"},{"@type":"Organization","@id":"https:\/\/hub.ortopedie.md\/#organization","name":"HUB ORTOPEDIE","url":"https:\/\/hub.ortopedie.md\/","logo":{"@type":"ImageObject","inLanguage":"en-US","@id":"https:\/\/hub.ortopedie.md\/#\/schema\/logo\/image\/","url":"https:\/\/hub.ortopedie.md\/wp-content\/uploads\/2018\/01\/hub-logo.png","contentUrl":"https:\/\/hub.ortopedie.md\/wp-content\/uploads\/2018\/01\/hub-logo.png","width":124,"height":90,"caption":"HUB ORTOPEDIE"},"image":{"@id":"https:\/\/hub.ortopedie.md\/#\/schema\/logo\/image\/"},"sameAs":["https:\/\/www.facebook.com\/ORTOPEDIE.MD\/","https:\/\/www.instagram.com\/hub_ortopedie\/"]}]},"product_price_currency":"MDL","og_availability":"instock","product_availability":"instock","product_condition":"new"},"jetpack_sharing_enabled":true,"brands":[{"id":272,"name":"Akces Med","slug":"akces-med"}],"_links":{"self":[{"href":"https:\/\/hub.ortopedie.md\/en\/wp-json\/wp\/v2\/product\/6962","targetHints":{"allow":["GET"]}}],"collection":[{"href":"https:\/\/hub.ortopedie.md\/en\/wp-json\/wp\/v2\/product"}],"about":[{"href":"https:\/\/hub.ortopedie.md\/en\/wp-json\/wp\/v2\/types\/product"}],"wp:featuredmedia":[{"embeddable":true,"href":"https:\/\/hub.ortopedie.md\/en\/wp-json\/wp\/v2\/media\/6906"}],"wp:attachment":[{"href":"https:\/\/hub.ortopedie.md\/en\/wp-json\/wp\/v2\/media?parent=6962"}],"wp:term":[{"taxonomy":"pwb-brand","embeddable":true,"href":"https:\/\/hub.ortopedie.md\/en\/wp-json\/wp\/v2\/pwb-brand?post=6962"},{"taxonomy":"product_brand","embeddable":true,"href":"https:\/\/hub.ortopedie.md\/en\/wp-json\/wp\/v2\/product_brand?post=6962"},{"taxonomy":"product_cat","embeddable":true,"href":"https:\/\/hub.ortopedie.md\/en\/wp-json\/wp\/v2\/product_cat?post=6962"},{"taxonomy":"product_tag","embeddable":true,"href":"https:\/\/hub.ortopedie.md\/en\/wp-json\/wp\/v2\/product_tag?post=6962"}],"curies":[{"name":"wp","href":"https:\/\/api.w.org\/{rel}","templated":true}]}}