{"id":6966,"date":"2020-05-01T08:21:58","date_gmt":"2020-05-01T08:21:58","guid":{"rendered":"https:\/\/hub.ortopedie.md\/shop\/carucior-special-kidoo-home\/"},"modified":"2024-09-10T14:22:25","modified_gmt":"2024-09-10T14:22:25","slug":"scaun-de-pozitionare-kidoo-home","status":"publish","type":"product","link":"https:\/\/hub.ortopedie.md\/en\/shop\/scaun-de-pozitionare-kidoo-home\/","title":{"rendered":"KIDOO HOME &#8211; Scaun de pozi\u021bionare"},"content":{"rendered":"<p>Scaunul de pozi\u021bionare special KIDOO HOME \u2122 este ideal pentru terapie \u0219i divertisment, precum \u0219i pentru alte activit\u0103\u021bi zilnice, cum ar fi antrenament sau m\u00e2ncare. Acas\u0103, la gr\u0103dini\u021b\u0103, la \u0219coal\u0103 sau \u00eentr-un grup de colegi, Kidoo Home \u2122 va fi\u00a0 indispensabil \u00een procesul de reabilitare at\u00e2t \u00een \u200b\u200bceea ce prive\u0219te mi\u0219carea, c\u00e2t \u0219i integrarea social\u0103.<\/p>\n<p>Designul s\u0103u se bazeaz\u0103 pe scaunul ortopedic Kidoo \u2122 pentru copii. Datorit\u0103 acestui fapt, ofer\u0103 asisten\u021ba corect\u0103 \u0219i sigur\u0103 pentru copil, cu posibilitatea set\u0103rilor u\u0219oare \u0219i intuitive. O vest\u0103 \u00een 4 puncte \u00eembun\u0103t\u0103\u021be\u0219te confortul \u0219i siguran\u021ba utilizatorului. C\u0103ruciorul are o \u00een\u0103l\u021bime \u0219i cotiere reglabile, precum \u0219i unghiul sp\u0103tarului. Tetiera HexagonPro \u2122 reglabil\u0103 ofer\u0103 tetiera corect\u0103 \u0219i extrem de confortabil\u0103. Baza c\u0103ruciorului este cadrul de baz\u0103, care este echipat cu 4 ro\u021bi rotative cu fr\u00e2ne. Datorit\u0103 lor, c\u0103ruciorul se mi\u0219c\u0103 lini\u0219tit \u0219i extrem de mobil. Picioarele pacientului sunt ata\u0219ate de un suport pentru picioare reglabil cu curele.<\/p>\n<p>Kido Home \u2122 este fabricat din materiale u\u0219or de utilizat. Disponibil \u00een 5 dimensiuni.<\/p>\n<p>INDICATII<\/p>\n<p>Recomandat persoanelor cu un diagnostic de:<\/p>\n<p>\u2022 paralizie cerebrala (MPD) &#8211; diverse forme,<br \/>\n\u2022 Meningomielocel<br \/>\n\u2022 Boli degenerative \u0219i reumatice ale articula\u021biilor,<br \/>\n\u2022 Deteriorarea creierului \u0219i m\u0103duvei spin\u0103rii<br \/>\n\u2022 Scleroz\u0103 multipl\u0103 &#8211; SM, scleroz\u0103 lateral\u0103 amiotrofic\u0103 &#8211; SLA etc.),<br \/>\n\u2022 Boli musculare, inclusiv parez\u0103 \u0219i paralizie, distrofie, miastenie gravis, polimiozit\u0103,<br \/>\n\u2022 Sindroame genetice cu parez\u0103 a extremit\u0103\u021bilor inferioare,<br \/>\n\u2022 tulbur\u0103ri degenerative \u0219i metabolice ale sistemului nervos,<br \/>\n\u2022 Dup\u0103 leziuni, dup\u0103 leziuni traumatice ale creierului sau leziuni ale coloanei vertebrale cu leziuni ale m\u0103duvei spin\u0103rii cu parez\u0103 \u0219i paralizie, \u00een special cu tetraparez\u0103 (ca parte a procesului de reabilitare sau \u00eengrijire ortopedic\u0103 continu\u0103).<\/p>\n<p><img decoding=\"async\" class=\"alignnone wp-image-6925 size-fusion-600\" src=\"https:\/\/hub.ortopedie.md\/wp-content\/uploads\/2020\/05\/piktogramy_kidoo-1-600x279.jpg\" alt=\"\" width=\"600\" height=\"279\" srcset=\"https:\/\/hub.ortopedie.md\/wp-content\/uploads\/2020\/05\/piktogramy_kidoo-1-200x93.jpg 200w, https:\/\/hub.ortopedie.md\/wp-content\/uploads\/2020\/05\/piktogramy_kidoo-1-300x139.jpg 300w, https:\/\/hub.ortopedie.md\/wp-content\/uploads\/2020\/05\/piktogramy_kidoo-1-400x186.jpg 400w, https:\/\/hub.ortopedie.md\/wp-content\/uploads\/2020\/05\/piktogramy_kidoo-1-500x232.jpg 500w, https:\/\/hub.ortopedie.md\/wp-content\/uploads\/2020\/05\/piktogramy_kidoo-1-600x279.jpg 600w, https:\/\/hub.ortopedie.md\/wp-content\/uploads\/2020\/05\/piktogramy_kidoo-1-700x325.jpg 700w, https:\/\/hub.ortopedie.md\/wp-content\/uploads\/2020\/05\/piktogramy_kidoo-1-768x357.jpg 768w, https:\/\/hub.ortopedie.md\/wp-content\/uploads\/2020\/05\/piktogramy_kidoo-1-800x372.jpg 800w, https:\/\/hub.ortopedie.md\/wp-content\/uploads\/2020\/05\/piktogramy_kidoo-1.jpg 930w\" sizes=\"(max-width: 600px) 100vw, 600px\" \/><\/p>\n<table width=\"931\">\n<tbody>\n<tr>\n<td width=\"73\"><strong>Simbol<\/strong><\/td>\n<td width=\"161\"><strong>Masura<\/strong><\/td>\n<td width=\"85\"><strong><span style=\"text-decoration: underline;\">Un<\/span>.<\/strong><\/td>\n<td width=\"85\"><strong>Marimea 1<\/strong><\/td>\n<td width=\"94\"><strong>Marimea 2<\/strong><\/td>\n<td width=\"85\"><strong>Marimea 3<\/strong><\/td>\n<td width=\"95\"><strong>Marimea 4<\/strong><\/td>\n<td width=\"95\"><strong>Marimea 5**<\/strong><\/td>\n<\/tr>\n<tr>\n<td width=\"73\"><strong>W<\/strong><\/td>\n<td width=\"161\">\u00cen\u0103l\u021bimea aproximativ\u0103 a pacientului *<\/td>\n<td width=\"85\"><strong>[cm]<\/strong><\/td>\n<td width=\"85\"><strong>90 \u2014 100<\/strong><\/td>\n<td width=\"94\"><strong>90 \u2014 115<\/strong><\/td>\n<td width=\"85\"><strong>100 \u2014 130<\/strong><\/td>\n<td width=\"95\"><strong>110 \u2014 150<\/strong><\/td>\n<td width=\"95\"><strong>120 \u2014 160<\/strong><\/td>\n<\/tr>\n<tr>\n<td width=\"73\"><strong>A\/E<\/strong><\/td>\n<td width=\"161\">Latimea scaunului \/ spate<\/td>\n<td width=\"85\"><strong>[cm]<\/strong><\/td>\n<td width=\"85\"><strong>23<\/strong><\/td>\n<td width=\"94\"><strong>26,5<\/strong><\/td>\n<td width=\"85\"><strong>31<\/strong><\/td>\n<td width=\"95\"><strong>35<\/strong><\/td>\n<td width=\"95\"><strong>42<\/strong><\/td>\n<\/tr>\n<tr>\n<td width=\"73\"><strong>L<\/strong><\/td>\n<td width=\"161\">Ad\u00e2ncimea scaunului<\/td>\n<td width=\"85\"><strong>[cm]<\/strong><\/td>\n<td width=\"85\"><strong>18 \u2014 23,5<\/strong><\/td>\n<td width=\"94\"><strong>22,5 \u2014 30<\/strong><\/td>\n<td width=\"85\"><strong>24,5 \u2013 34,5<\/strong><\/td>\n<td width=\"95\"><strong>31 \u2014 41<\/strong><\/td>\n<td width=\"95\"><strong>36 \u2014 47<\/strong><\/td>\n<\/tr>\n<tr>\n<td width=\"73\"><strong>C<sub>1<\/sub><\/strong><\/td>\n<td width=\"161\">\u00cen\u0103l\u021bimea spatelui<\/td>\n<td width=\"85\"><strong>[cm]<\/strong><\/td>\n<td width=\"85\"><strong>26<\/strong><\/td>\n<td width=\"94\"><strong>31<\/strong><\/td>\n<td width=\"85\"><strong>35<\/strong><\/td>\n<td width=\"95\"><strong>40<\/strong><\/td>\n<td width=\"95\"><strong>44<\/strong><\/td>\n<\/tr>\n<tr>\n<td width=\"73\"><strong>F<\/strong><\/td>\n<td width=\"161\">\u00cen\u0103l\u021bimea scaunului de la nivelul podelei<\/td>\n<td width=\"85\"><strong>[cm]<\/strong><\/td>\n<td width=\"85\"><strong>19,5 \u2013 26<\/strong><\/td>\n<td width=\"94\"><strong>24\u00a0\u2013 31,5<\/strong><\/td>\n<td width=\"85\"><strong>27,5 \u2013 36,5<\/strong><\/td>\n<td width=\"95\"><strong>33 \u2014 44<\/strong><\/td>\n<td width=\"95\"><strong>36 \u2014 49<\/strong><\/td>\n<\/tr>\n<tr>\n<td width=\"73\">Z<\/td>\n<td width=\"161\">Unghiul sp\u0103tarului<\/td>\n<td width=\"85\">[\u00b0]<\/td>\n<td width=\"85\">96 \u2013 116<\/td>\n<td width=\"94\">95 \u2013 116<\/td>\n<td width=\"85\">95 \u2013 116<\/td>\n<td width=\"95\">95 \u2013 116<\/td>\n<td width=\"95\">95 \u2013 116<\/td>\n<\/tr>\n<tr>\n<td width=\"234\"><\/td>\n<td width=\"234\">Greutatea maxim\u0103 a pacientului<\/td>\n<td width=\"85\">[kg]<\/td>\n<td width=\"85\">20<\/td>\n<td width=\"94\">30<\/td>\n<td width=\"85\">40<\/td>\n<td width=\"95\">55<\/td>\n<td width=\"95\">70<\/td>\n<\/tr>\n<\/tbody>\n<\/table>\n<p>ATEN\u021aIE: toleran\u021ba dimensiunilor indicate \u00een tabel este de +\/- 1 cm.<\/p>\n","protected":false},"excerpt":{"rendered":"<p>Scaunul de pozi\u021bionare special KIDOO HOME \u2122 este ideal pentru  [&#8230;]<\/p>\n","protected":false},"featured_media":6924,"template":"","meta":[],"pwb-brand":[272],"product_brand":[],"product_cat":[35,97],"product_tag":[],"class_list":{"0":"post-6966","1":"product","2":"type-product","3":"status-publish","4":"has-post-thumbnail","6":"pwb-brand-akces-med","7":"product_cat-dispozitive-de-mers-si-verticalizare","8":"product_cat-scaune-rulante","10":"first","11":"instock","12":"shipping-taxable","13":"purchasable","14":"product-type-simple"},"yoast_head":"<!-- This site is optimized with the Yoast SEO Premium plugin v18.3 (Yoast SEO v27.4) - https:\/\/yoast.com\/product\/yoast-seo-premium-wordpress\/ -->\n<title>KIDOO HOME - Scaun de pozi\u021bionare - HUB Ortopedie<\/title>\n<meta name=\"robots\" content=\"index, follow, max-snippet:-1, max-image-preview:large, max-video-preview:-1\" \/>\n<link rel=\"canonical\" href=\"https:\/\/hub.ortopedie.md\/en\/shop\/scaun-de-pozitionare-kidoo-home\/\" \/>\n<meta property=\"og:locale\" content=\"en_US\" \/>\n<meta property=\"og:type\" content=\"article\" \/>\n<meta property=\"og:title\" content=\"KIDOO HOME - Scaun de pozi\u021bionare\" \/>\n<meta property=\"og:description\" content=\"Scaunul de pozi\u021bionare special KIDOO HOME \u2122 este ideal pentru [...]\" \/>\n<meta property=\"og:url\" content=\"https:\/\/hub.ortopedie.md\/shop\/scaun-de-pozitionare-kidoo-home\/\" \/>\n<meta property=\"og:site_name\" content=\"Hub Ortopedie - Magazin ortopedic. \u041e\u0440\u0442\u043e\u043f\u0435\u0434\u0438\u0447\u0435\u0441\u043a\u0438\u0439 \u043c\u0430\u0433\u0430\u0437\u0438\u043d\" \/>\n<meta property=\"article:publisher\" content=\"https:\/\/www.facebook.com\/ORTOPEDIE.MD\/\" \/>\n<meta property=\"article:modified_time\" content=\"2024-09-10T14:22:25+00:00\" \/>\n<meta property=\"og:image\" content=\"https:\/\/hub.ortopedie.md\/wp-content\/uploads\/2020\/05\/KidooHome-glowne-380x380-1.png\" \/>\n\t<meta property=\"og:image:width\" content=\"603\" \/>\n\t<meta property=\"og:image:height\" content=\"594\" \/>\n\t<meta property=\"og:image:type\" content=\"image\/png\" \/>\n<meta name=\"twitter:label1\" content=\"Price\" \/>\n\t<meta name=\"twitter:data1\" content=\"35,000.00&nbsp;MDL\" \/>\n\t<meta name=\"twitter:label2\" content=\"Availability\" \/>\n\t<meta name=\"twitter:data2\" content=\"In stock\" \/>\n<script type=\"application\/ld+json\" class=\"yoast-schema-graph\">{\"@context\":\"https:\\\/\\\/schema.org\",\"@graph\":[{\"@type\":\"WebPage\",\"@id\":\"https:\\\/\\\/hub.ortopedie.md\\\/shop\\\/scaun-de-pozitionare-kidoo-home\\\/\",\"url\":\"https:\\\/\\\/hub.ortopedie.md\\\/shop\\\/scaun-de-pozitionare-kidoo-home\\\/\",\"name\":\"KIDOO HOME - Scaun de pozi\u021bionare - HUB Ortopedie\",\"isPartOf\":{\"@id\":\"https:\\\/\\\/hub.ortopedie.md\\\/#website\"},\"primaryImageOfPage\":{\"@id\":\"https:\\\/\\\/hub.ortopedie.md\\\/shop\\\/scaun-de-pozitionare-kidoo-home\\\/#primaryimage\"},\"image\":{\"@id\":\"https:\\\/\\\/hub.ortopedie.md\\\/shop\\\/scaun-de-pozitionare-kidoo-home\\\/#primaryimage\"},\"thumbnailUrl\":\"https:\\\/\\\/hub.ortopedie.md\\\/wp-content\\\/uploads\\\/2020\\\/05\\\/KidooHome-glowne-380x380-1.png\",\"datePublished\":\"2020-05-01T08:21:58+00:00\",\"dateModified\":\"2024-09-10T14:22:25+00:00\",\"breadcrumb\":{\"@id\":\"https:\\\/\\\/hub.ortopedie.md\\\/shop\\\/scaun-de-pozitionare-kidoo-home\\\/#breadcrumb\"},\"inLanguage\":\"en-US\",\"potentialAction\":[{\"@type\":\"ReadAction\",\"target\":[\"https:\\\/\\\/hub.ortopedie.md\\\/shop\\\/scaun-de-pozitionare-kidoo-home\\\/\"]}]},{\"@type\":\"ImageObject\",\"inLanguage\":\"en-US\",\"@id\":\"https:\\\/\\\/hub.ortopedie.md\\\/shop\\\/scaun-de-pozitionare-kidoo-home\\\/#primaryimage\",\"url\":\"https:\\\/\\\/hub.ortopedie.md\\\/wp-content\\\/uploads\\\/2020\\\/05\\\/KidooHome-glowne-380x380-1.png\",\"contentUrl\":\"https:\\\/\\\/hub.ortopedie.md\\\/wp-content\\\/uploads\\\/2020\\\/05\\\/KidooHome-glowne-380x380-1.png\",\"width\":603,\"height\":594},{\"@type\":\"BreadcrumbList\",\"@id\":\"https:\\\/\\\/hub.ortopedie.md\\\/shop\\\/scaun-de-pozitionare-kidoo-home\\\/#breadcrumb\",\"itemListElement\":[{\"@type\":\"ListItem\",\"position\":1,\"name\":\"Prima pagin\u0103\",\"item\":\"https:\\\/\\\/hub.ortopedie.md\\\/en\\\/\"},{\"@type\":\"ListItem\",\"position\":2,\"name\":\"Produse\",\"item\":\"https:\\\/\\\/hub.ortopedie.md\\\/shop\\\/\"},{\"@type\":\"ListItem\",\"position\":3,\"name\":\"KIDOO HOME &#8211; Scaun de pozi\u021bionare\"}]},{\"@type\":\"WebSite\",\"@id\":\"https:\\\/\\\/hub.ortopedie.md\\\/#website\",\"url\":\"https:\\\/\\\/hub.ortopedie.md\\\/\",\"name\":\"Hub Ortopedie - Magazin ortopedic. \u041e\u0440\u0442\u043e\u043f\u0435\u0434\u0438\u0447\u0435\u0441\u043a\u0438\u0439 \u043c\u0430\u0433\u0430\u0437\u0438\u043d\",\"description\":\"S\u0103n\u0103tate, confort, calitate\",\"publisher\":{\"@id\":\"https:\\\/\\\/hub.ortopedie.md\\\/#organization\"},\"potentialAction\":[{\"@type\":\"SearchAction\",\"target\":{\"@type\":\"EntryPoint\",\"urlTemplate\":\"https:\\\/\\\/hub.ortopedie.md\\\/?s={search_term_string}\"},\"query-input\":{\"@type\":\"PropertyValueSpecification\",\"valueRequired\":true,\"valueName\":\"search_term_string\"}}],\"inLanguage\":\"en-US\"},{\"@type\":\"Organization\",\"@id\":\"https:\\\/\\\/hub.ortopedie.md\\\/#organization\",\"name\":\"HUB ORTOPEDIE\",\"url\":\"https:\\\/\\\/hub.ortopedie.md\\\/\",\"logo\":{\"@type\":\"ImageObject\",\"inLanguage\":\"en-US\",\"@id\":\"https:\\\/\\\/hub.ortopedie.md\\\/#\\\/schema\\\/logo\\\/image\\\/\",\"url\":\"https:\\\/\\\/hub.ortopedie.md\\\/wp-content\\\/uploads\\\/2018\\\/01\\\/hub-logo.png\",\"contentUrl\":\"https:\\\/\\\/hub.ortopedie.md\\\/wp-content\\\/uploads\\\/2018\\\/01\\\/hub-logo.png\",\"width\":124,\"height\":90,\"caption\":\"HUB ORTOPEDIE\"},\"image\":{\"@id\":\"https:\\\/\\\/hub.ortopedie.md\\\/#\\\/schema\\\/logo\\\/image\\\/\"},\"sameAs\":[\"https:\\\/\\\/www.facebook.com\\\/ORTOPEDIE.MD\\\/\",\"https:\\\/\\\/www.instagram.com\\\/hub_ortopedie\\\/\"]}]}<\/script>\n<meta property=\"product:price:amount\" content=\"35000.00\" \/>\n<meta property=\"product:price:currency\" content=\"MDL\" \/>\n<meta property=\"og:availability\" content=\"instock\" \/>\n<meta property=\"product:availability\" content=\"instock\" \/>\n<meta property=\"product:condition\" content=\"new\" \/>\n<!-- \/ Yoast SEO Premium plugin. -->","yoast_head_json":{"title":"KIDOO HOME - Scaun de pozi\u021bionare - HUB Ortopedie","robots":{"index":"index","follow":"follow","max-snippet":"max-snippet:-1","max-image-preview":"max-image-preview:large","max-video-preview":"max-video-preview:-1"},"canonical":"https:\/\/hub.ortopedie.md\/en\/shop\/scaun-de-pozitionare-kidoo-home\/","og_locale":"en_US","og_type":"article","og_title":"KIDOO HOME - Scaun de pozi\u021bionare","og_description":"Scaunul de pozi\u021bionare special KIDOO HOME \u2122 este ideal pentru [...]","og_url":"https:\/\/hub.ortopedie.md\/shop\/scaun-de-pozitionare-kidoo-home\/","og_site_name":"Hub Ortopedie - Magazin ortopedic. \u041e\u0440\u0442\u043e\u043f\u0435\u0434\u0438\u0447\u0435\u0441\u043a\u0438\u0439 \u043c\u0430\u0433\u0430\u0437\u0438\u043d","article_publisher":"https:\/\/www.facebook.com\/ORTOPEDIE.MD\/","article_modified_time":"2024-09-10T14:22:25+00:00","og_image":[{"width":603,"height":594,"url":"https:\/\/hub.ortopedie.md\/wp-content\/uploads\/2020\/05\/KidooHome-glowne-380x380-1.png","type":"image\/png"}],"twitter_misc":{"Price":"35,000.00&nbsp;MDL","Availability":"In stock"},"schema":{"@context":"https:\/\/schema.org","@graph":[{"@type":"WebPage","@id":"https:\/\/hub.ortopedie.md\/shop\/scaun-de-pozitionare-kidoo-home\/","url":"https:\/\/hub.ortopedie.md\/shop\/scaun-de-pozitionare-kidoo-home\/","name":"KIDOO HOME - Scaun de pozi\u021bionare - HUB Ortopedie","isPartOf":{"@id":"https:\/\/hub.ortopedie.md\/#website"},"primaryImageOfPage":{"@id":"https:\/\/hub.ortopedie.md\/shop\/scaun-de-pozitionare-kidoo-home\/#primaryimage"},"image":{"@id":"https:\/\/hub.ortopedie.md\/shop\/scaun-de-pozitionare-kidoo-home\/#primaryimage"},"thumbnailUrl":"https:\/\/hub.ortopedie.md\/wp-content\/uploads\/2020\/05\/KidooHome-glowne-380x380-1.png","datePublished":"2020-05-01T08:21:58+00:00","dateModified":"2024-09-10T14:22:25+00:00","breadcrumb":{"@id":"https:\/\/hub.ortopedie.md\/shop\/scaun-de-pozitionare-kidoo-home\/#breadcrumb"},"inLanguage":"en-US","potentialAction":[{"@type":"ReadAction","target":["https:\/\/hub.ortopedie.md\/shop\/scaun-de-pozitionare-kidoo-home\/"]}]},{"@type":"ImageObject","inLanguage":"en-US","@id":"https:\/\/hub.ortopedie.md\/shop\/scaun-de-pozitionare-kidoo-home\/#primaryimage","url":"https:\/\/hub.ortopedie.md\/wp-content\/uploads\/2020\/05\/KidooHome-glowne-380x380-1.png","contentUrl":"https:\/\/hub.ortopedie.md\/wp-content\/uploads\/2020\/05\/KidooHome-glowne-380x380-1.png","width":603,"height":594},{"@type":"BreadcrumbList","@id":"https:\/\/hub.ortopedie.md\/shop\/scaun-de-pozitionare-kidoo-home\/#breadcrumb","itemListElement":[{"@type":"ListItem","position":1,"name":"Prima pagin\u0103","item":"https:\/\/hub.ortopedie.md\/en\/"},{"@type":"ListItem","position":2,"name":"Produse","item":"https:\/\/hub.ortopedie.md\/shop\/"},{"@type":"ListItem","position":3,"name":"KIDOO HOME &#8211; Scaun de pozi\u021bionare"}]},{"@type":"WebSite","@id":"https:\/\/hub.ortopedie.md\/#website","url":"https:\/\/hub.ortopedie.md\/","name":"Hub Ortopedie - Magazin ortopedic. \u041e\u0440\u0442\u043e\u043f\u0435\u0434\u0438\u0447\u0435\u0441\u043a\u0438\u0439 \u043c\u0430\u0433\u0430\u0437\u0438\u043d","description":"S\u0103n\u0103tate, confort, calitate","publisher":{"@id":"https:\/\/hub.ortopedie.md\/#organization"},"potentialAction":[{"@type":"SearchAction","target":{"@type":"EntryPoint","urlTemplate":"https:\/\/hub.ortopedie.md\/?s={search_term_string}"},"query-input":{"@type":"PropertyValueSpecification","valueRequired":true,"valueName":"search_term_string"}}],"inLanguage":"en-US"},{"@type":"Organization","@id":"https:\/\/hub.ortopedie.md\/#organization","name":"HUB ORTOPEDIE","url":"https:\/\/hub.ortopedie.md\/","logo":{"@type":"ImageObject","inLanguage":"en-US","@id":"https:\/\/hub.ortopedie.md\/#\/schema\/logo\/image\/","url":"https:\/\/hub.ortopedie.md\/wp-content\/uploads\/2018\/01\/hub-logo.png","contentUrl":"https:\/\/hub.ortopedie.md\/wp-content\/uploads\/2018\/01\/hub-logo.png","width":124,"height":90,"caption":"HUB ORTOPEDIE"},"image":{"@id":"https:\/\/hub.ortopedie.md\/#\/schema\/logo\/image\/"},"sameAs":["https:\/\/www.facebook.com\/ORTOPEDIE.MD\/","https:\/\/www.instagram.com\/hub_ortopedie\/"]}]},"product_price_amount":"35000.00","product_price_currency":"MDL","og_availability":"instock","product_availability":"instock","product_condition":"new"},"jetpack_sharing_enabled":true,"brands":[{"id":272,"name":"Akces Med","slug":"akces-med"}],"_links":{"self":[{"href":"https:\/\/hub.ortopedie.md\/en\/wp-json\/wp\/v2\/product\/6966","targetHints":{"allow":["GET"]}}],"collection":[{"href":"https:\/\/hub.ortopedie.md\/en\/wp-json\/wp\/v2\/product"}],"about":[{"href":"https:\/\/hub.ortopedie.md\/en\/wp-json\/wp\/v2\/types\/product"}],"wp:featuredmedia":[{"embeddable":true,"href":"https:\/\/hub.ortopedie.md\/en\/wp-json\/wp\/v2\/media\/6924"}],"wp:attachment":[{"href":"https:\/\/hub.ortopedie.md\/en\/wp-json\/wp\/v2\/media?parent=6966"}],"wp:term":[{"taxonomy":"pwb-brand","embeddable":true,"href":"https:\/\/hub.ortopedie.md\/en\/wp-json\/wp\/v2\/pwb-brand?post=6966"},{"taxonomy":"product_brand","embeddable":true,"href":"https:\/\/hub.ortopedie.md\/en\/wp-json\/wp\/v2\/product_brand?post=6966"},{"taxonomy":"product_cat","embeddable":true,"href":"https:\/\/hub.ortopedie.md\/en\/wp-json\/wp\/v2\/product_cat?post=6966"},{"taxonomy":"product_tag","embeddable":true,"href":"https:\/\/hub.ortopedie.md\/en\/wp-json\/wp\/v2\/product_tag?post=6966"}],"curies":[{"name":"wp","href":"https:\/\/api.w.org\/{rel}","templated":true}]}}